{"id":4938,"date":"2019-02-21T12:32:21","date_gmt":"2019-02-21T10:32:21","guid":{"rendered":"http:\/\/89.36.140.88\/~mnir\/shop\/?post_type=product&#038;p=4938"},"modified":"2019-02-21T12:32:21","modified_gmt":"2019-02-21T10:32:21","slug":"marea-unire-povestea-ei-ilustrata-in-medalii-si-plachete","status":"publish","type":"product","link":"https:\/\/mnir.ro\/shop\/index.php\/produs\/marea-unire-povestea-ei-ilustrata-in-medalii-si-plachete\/","title":{"rendered":"Marea Unire. Povestea ei ilustrat\u0103 \u00een medalii \u0219i plachete"},"content":{"rendered":"<p>Autori: Manuela-Salomee Ion, Tudor Alexandru Martin, Loredana-Mihaiela Surdu<\/p>\n<p>Catalog de colec\u021bie dedicat celebr\u0103rii Centenarului Marii Uniri, \u00een cadrul c\u0103ruia sunt prezentate peste 60 de medalii \u0219i plachete p\u0103strate \u00een colec\u021bia Muzeului Na\u021bional de Istorie a Rom\u00e2niei, care prin subiectele ilustrate amintesc despre momente \u0219i personalit\u0103\u021bi importante pentru \u00eenf\u0103ptuirea Rom\u00e2niei Mari.<\/p>\n<p>Catalogul pieselor care cuprinde descrieri \u0219i fotografii de foarte bun\u0103 calitate ale acestora este \u00eenso\u021bit \u0219i de scurte explica\u021bii care \u00eel vor ajut\u0103 pe cititor s\u0103 \u00een\u021beleag\u0103 mai bine contextul \u00een care aceste obiecte medalistice au fost realizate<\/p>\n","protected":false},"excerpt":{"rendered":"<p>Autori: Manuela-Salomee Ion, Tudor Alexandru Martin, Loredana-Mihaiela Surdu Catalog de colec\u021bie dedicat celebr\u0103rii Centenarului Marii Uniri, \u00een cadrul c\u0103ruia sunt prezentate peste 60 de medalii \u0219i plachete p\u0103strate \u00een colec\u021bia&#8230;<\/p>\n","protected":false},"featured_media":4939,"template":"","meta":[],"product_brand":[],"product_cat":[123],"product_tag":[],"class_list":{"0":"post-4938","1":"product","2":"type-product","3":"status-publish","4":"has-post-thumbnail","6":"product_cat-catalog-de-colectie","8":"first","9":"instock","10":"shipping-taxable","11":"purchasable","12":"product-type-simple"},"_links":{"self":[{"href":"https:\/\/mnir.ro\/shop\/index.php\/wp-json\/wp\/v2\/product\/4938","targetHints":{"allow":["GET"]}}],"collection":[{"href":"https:\/\/mnir.ro\/shop\/index.php\/wp-json\/wp\/v2\/product"}],"about":[{"href":"https:\/\/mnir.ro\/shop\/index.php\/wp-json\/wp\/v2\/types\/product"}],"wp:featuredmedia":[{"embeddable":true,"href":"https:\/\/mnir.ro\/shop\/index.php\/wp-json\/wp\/v2\/media\/4939"}],"wp:attachment":[{"href":"https:\/\/mnir.ro\/shop\/index.php\/wp-json\/wp\/v2\/media?parent=4938"}],"wp:term":[{"taxonomy":"product_brand","embeddable":true,"href":"https:\/\/mnir.ro\/shop\/index.php\/wp-json\/wp\/v2\/product_brand?post=4938"},{"taxonomy":"product_cat","embeddable":true,"href":"https:\/\/mnir.ro\/shop\/index.php\/wp-json\/wp\/v2\/product_cat?post=4938"},{"taxonomy":"product_tag","embeddable":true,"href":"https:\/\/mnir.ro\/shop\/index.php\/wp-json\/wp\/v2\/product_tag?post=4938"}],"curies":[{"name":"wp","href":"https:\/\/api.w.org\/{rel}","templated":true}]}}