{"id":4935,"date":"2019-02-21T12:26:26","date_gmt":"2019-02-21T10:26:26","guid":{"rendered":"http:\/\/89.36.140.88\/~mnir\/shop\/?post_type=product&#038;p=4935"},"modified":"2019-02-21T12:26:26","modified_gmt":"2019-02-21T10:26:26","slug":"tezaure-monetare-bizantine-din-colectia-muzeului-national-de-istorie-a-romaniei-volumul-ii-secolele-vii-xiii","status":"publish","type":"product","link":"https:\/\/mnir.ro\/shop\/index.php\/produs\/tezaure-monetare-bizantine-din-colectia-muzeului-national-de-istorie-a-romaniei-volumul-ii-secolele-vii-xiii\/","title":{"rendered":"Tezaure monetare bizantine din colec\u021bia Muzeului Na\u021bional de Istorie a Rom\u00e2niei. Volumul II. Secolele VII-XIII"},"content":{"rendered":"<p>Autor: Ernest Oberl\u00e4nder-T\u00e2rnoveanu<\/p>\n<p>&nbsp;<\/p>\n<p>\u00cen paginile celui de-al doilea volum al seriei \u201eTezaure monetare bizantine din colec\u021bia Muzeului Na\u021bional de Istorie a Rom\u00e2niei\u201d sunt prezentate un num\u0103r de 20 de tezaure \u0219i fragmente de tezaure constituite exclusiv din emisiuni bizantine databile \u00eentre secolele al VII-lea \u0219i al XIII-lea. Tezaurele sunt \u00eenso\u021bite de o fi\u0219\u0103 descriptiv\u0103 \u00een care sunt men\u021bionate contextul descoperirii, compozi\u021bia ini\u021bial\u0103 a tezaurului, datarea, localizarea \u0219i bibliografia complet\u0103. Fiecare pies\u0103 prezint\u0103 al\u0103turi de descrierile minu\u021bioase \u0219i ilustra\u021bii de foarte bun\u0103 calitate \u0219i descrierea compozi\u021biei metalografice ob\u021binut\u0103 prin analize de fluorescen\u021b\u0103 cu raze X.<\/p>\n<p>Catalogul de colec\u021bie este deschis de un studiu al autorului \u00een care sunt aduse \u00een aten\u021bia publicului o serie de concluzii rezultate din cercetarea materialului prezentat \u00een paginile volumului.<\/p>\n","protected":false},"excerpt":{"rendered":"<p>Autor: Ernest Oberl\u00e4nder-T\u00e2rnoveanu &nbsp; \u00cen paginile celui de-al doilea volum al seriei \u201eTezaure monetare bizantine din colec\u021bia Muzeului Na\u021bional de Istorie a Rom\u00e2niei\u201d sunt prezentate un num\u0103r de 20 de&#8230;<\/p>\n","protected":false},"featured_media":4937,"template":"","meta":[],"product_brand":[],"product_cat":[123],"product_tag":[],"class_list":{"0":"post-4935","1":"product","2":"type-product","3":"status-publish","4":"has-post-thumbnail","6":"product_cat-catalog-de-colectie","8":"first","9":"instock","10":"shipping-taxable","11":"purchasable","12":"product-type-simple"},"_links":{"self":[{"href":"https:\/\/mnir.ro\/shop\/index.php\/wp-json\/wp\/v2\/product\/4935","targetHints":{"allow":["GET"]}}],"collection":[{"href":"https:\/\/mnir.ro\/shop\/index.php\/wp-json\/wp\/v2\/product"}],"about":[{"href":"https:\/\/mnir.ro\/shop\/index.php\/wp-json\/wp\/v2\/types\/product"}],"wp:featuredmedia":[{"embeddable":true,"href":"https:\/\/mnir.ro\/shop\/index.php\/wp-json\/wp\/v2\/media\/4937"}],"wp:attachment":[{"href":"https:\/\/mnir.ro\/shop\/index.php\/wp-json\/wp\/v2\/media?parent=4935"}],"wp:term":[{"taxonomy":"product_brand","embeddable":true,"href":"https:\/\/mnir.ro\/shop\/index.php\/wp-json\/wp\/v2\/product_brand?post=4935"},{"taxonomy":"product_cat","embeddable":true,"href":"https:\/\/mnir.ro\/shop\/index.php\/wp-json\/wp\/v2\/product_cat?post=4935"},{"taxonomy":"product_tag","embeddable":true,"href":"https:\/\/mnir.ro\/shop\/index.php\/wp-json\/wp\/v2\/product_tag?post=4935"}],"curies":[{"name":"wp","href":"https:\/\/api.w.org\/{rel}","templated":true}]}}