{"id":4920,"date":"2019-01-23T22:09:35","date_gmt":"2019-01-23T20:09:35","guid":{"rendered":"http:\/\/89.36.140.88\/~mnir\/shop\/?post_type=product&#038;p=4920"},"modified":"2023-02-07T12:03:54","modified_gmt":"2023-02-07T10:03:54","slug":"capodopere-din-patrimoniul-muzeului-national-de-istorie-a-romaniei-2018","status":"publish","type":"product","link":"https:\/\/mnir.ro\/shop\/index.php\/produs\/capodopere-din-patrimoniul-muzeului-national-de-istorie-a-romaniei-2018\/","title":{"rendered":"Capodopere din patrimoniul Muzeului Na\u021bional de Istorie a Rom\u00e2niei 2018\/ Masterpieces from the Patrimony of the National History Museum of Romania 2018"},"content":{"rendered":"<div>O nou\u0103 serie de obiecte de patrimoniu sunt prezentate \u00een edi\u021bia din 2018 a volumului (carele miniaturale de la Cuciulata \u0219i Tiream, tezaurul de la \u021aife\u0219ti, Cazania lui Varlaam, steagul delega\u021biei rom\u00e2nilor din Lup\u0219a la Marea Adunare de la Alba Iulia din 1918, Ordinul \u201eFerdinand I\u201d etc.).<\/div>\n<div>\n<div>Bilingv (rom\u00e2n\u0103 &#8211; englez\u0103)<\/div>\n<\/div>\n<div><\/div>\n","protected":false},"excerpt":{"rendered":"<div>O nou\u0103 serie de obiecte de patrimoniu sunt prezentate \u00een edi\u021bia din 2018 a volumului (carele miniaturale de la Cuciulata \u0219i Tiream, tezaurul de la \u021aife\u0219ti, Cazania lui Varlaam, steagul delega\u021biei rom\u00e2nilor din Lup\u0219a la Marea Adunare de la Alba Iulia din 1918, Ordinul \u201eFerdinand I\u201d etc.).<\/div>\n","protected":false},"featured_media":4921,"template":"","meta":[],"product_brand":[],"product_cat":[155],"product_tag":[],"class_list":{"0":"post-4920","1":"product","2":"type-product","3":"status-publish","4":"has-post-thumbnail","6":"product_cat-fara-categorie","8":"first","9":"instock","10":"shipping-taxable","11":"purchasable","12":"product-type-simple"},"_links":{"self":[{"href":"https:\/\/mnir.ro\/shop\/index.php\/wp-json\/wp\/v2\/product\/4920","targetHints":{"allow":["GET"]}}],"collection":[{"href":"https:\/\/mnir.ro\/shop\/index.php\/wp-json\/wp\/v2\/product"}],"about":[{"href":"https:\/\/mnir.ro\/shop\/index.php\/wp-json\/wp\/v2\/types\/product"}],"wp:featuredmedia":[{"embeddable":true,"href":"https:\/\/mnir.ro\/shop\/index.php\/wp-json\/wp\/v2\/media\/4921"}],"wp:attachment":[{"href":"https:\/\/mnir.ro\/shop\/index.php\/wp-json\/wp\/v2\/media?parent=4920"}],"wp:term":[{"taxonomy":"product_brand","embeddable":true,"href":"https:\/\/mnir.ro\/shop\/index.php\/wp-json\/wp\/v2\/product_brand?post=4920"},{"taxonomy":"product_cat","embeddable":true,"href":"https:\/\/mnir.ro\/shop\/index.php\/wp-json\/wp\/v2\/product_cat?post=4920"},{"taxonomy":"product_tag","embeddable":true,"href":"https:\/\/mnir.ro\/shop\/index.php\/wp-json\/wp\/v2\/product_tag?post=4920"}],"curies":[{"name":"wp","href":"https:\/\/api.w.org\/{rel}","templated":true}]}}