{"id":4918,"date":"2019-01-23T21:44:53","date_gmt":"2019-01-23T19:44:53","guid":{"rendered":"http:\/\/89.36.140.88\/~mnir\/shop\/?post_type=product&#038;p=4918"},"modified":"2022-04-19T15:21:50","modified_gmt":"2022-04-19T12:21:50","slug":"monumente-de-for-public-din-romania-o-istorie-in-imagini","status":"publish","type":"product","link":"https:\/\/mnir.ro\/shop\/index.php\/produs\/monumente-de-for-public-din-romania-o-istorie-in-imagini\/","title":{"rendered":"Monumente de for public din Rom\u00e2nia. O istorie \u00een imagini."},"content":{"rendered":"<p>Prezint\u0103 cele mai importante monumente publice &#8211; persoanlit\u0103\u021bi \u0219i evenimente marcante ale istoriei Rom\u00e2niei. Fiecare monument beneficiaz\u0103 de cel pu\u021bin o imagine de epoc\u0103 si o descriere am\u0103nun\u021bit\u0103.<\/p>\n<p>Bilingv (rom\u00e2n\u0103 &#8211; englez\u0103)<\/p>\n","protected":false},"excerpt":{"rendered":"<p>Prezint\u0103 cele mai importante monumente publice &#8211; persoanlit\u0103\u021bi \u0219i evenimente marcante ale istoriei Rom\u00e2niei. Fiecare monument beneficiaz\u0103 de cel pu\u021bin o imagine de epoc\u0103 si o descriere am\u0103nun\u021bit\u0103.<\/p>\n","protected":false},"featured_media":4919,"template":"","meta":[],"product_brand":[],"product_cat":[155],"product_tag":[],"class_list":{"0":"post-4918","1":"product","2":"type-product","3":"status-publish","4":"has-post-thumbnail","6":"product_cat-fara-categorie","8":"first","9":"instock","10":"shipping-taxable","11":"purchasable","12":"product-type-simple"},"_links":{"self":[{"href":"https:\/\/mnir.ro\/shop\/index.php\/wp-json\/wp\/v2\/product\/4918","targetHints":{"allow":["GET"]}}],"collection":[{"href":"https:\/\/mnir.ro\/shop\/index.php\/wp-json\/wp\/v2\/product"}],"about":[{"href":"https:\/\/mnir.ro\/shop\/index.php\/wp-json\/wp\/v2\/types\/product"}],"wp:featuredmedia":[{"embeddable":true,"href":"https:\/\/mnir.ro\/shop\/index.php\/wp-json\/wp\/v2\/media\/4919"}],"wp:attachment":[{"href":"https:\/\/mnir.ro\/shop\/index.php\/wp-json\/wp\/v2\/media?parent=4918"}],"wp:term":[{"taxonomy":"product_brand","embeddable":true,"href":"https:\/\/mnir.ro\/shop\/index.php\/wp-json\/wp\/v2\/product_brand?post=4918"},{"taxonomy":"product_cat","embeddable":true,"href":"https:\/\/mnir.ro\/shop\/index.php\/wp-json\/wp\/v2\/product_cat?post=4918"},{"taxonomy":"product_tag","embeddable":true,"href":"https:\/\/mnir.ro\/shop\/index.php\/wp-json\/wp\/v2\/product_tag?post=4918"}],"curies":[{"name":"wp","href":"https:\/\/api.w.org\/{rel}","templated":true}]}}