{"id":4904,"date":"2018-12-13T23:10:20","date_gmt":"2018-12-13T21:10:20","guid":{"rendered":"http:\/\/89.36.140.88\/~mnir\/shop\/?post_type=product&#038;p=4904"},"modified":"2025-10-23T10:47:31","modified_gmt":"2025-10-23T07:47:31","slug":"tetraevanghelul-sfantului-cuvios-nicodim-de-la-tismana","status":"publish","type":"product","link":"https:\/\/mnir.ro\/shop\/index.php\/produs\/tetraevanghelul-sfantului-cuvios-nicodim-de-la-tismana\/","title":{"rendered":"TETRAEVANGHELUL SF\u00c2NTULUI CUVIOS NICODIM DE LA TISMANA."},"content":{"rendered":"<div><span lang=\"IT\"><i>CALIGRAFIAT\u00a0<\/i><\/span><i>\u0218I MINIAT LA M\u0102N\u0102STIREA PRISLOP \u00ceN ANII 1404-1405.\u00a0Edi\u021bie anastatic\u0103, precedat\u0103 de o parte introductiv\u0103 bilingv\u0103, \u00een rom\u00e2n\u0103 \u0219i englez\u0103, av\u00e2nd \u00een prim plan un studiu istoric \u0219i evaluarea fizico<span lang=\"EN-US\">-chimic\u0103 a<\/span><span lang=\"EN-US\">\u00a0<\/span><span lang=\"EN-US\">materialelor care compun cartea de cult.<\/span><\/i><\/div>\n<div><\/div>\n<div>\n<p style=\"font-weight: 400\">n anul de gra\u021bie 2018, la o distan\u021b\u0103 de 613 ani de la data finaliz\u0103rii manuscrisului de tip Tetraevanghel copiat de sf\u00e2ntul Nicodim de la Tismana, Muzeul Na\u021bional de Istorie a Rom\u00e2niei (MNIR) editeaz\u0103, sub forma unui volum anastatic, bibliofil, con\u021bin\u00e2nd o ampl\u0103 parte introductiv\u0103 de specialitate, cel mai vechi manuscris slavon din colec\u021bia MNIR, \u0219i totodat\u0103 din Rom\u00e2nia, caligrafiat \u0219i miniat la m\u0103n\u0103stirea Prislop, \u00een anii pribegiei cuviosului, ultimii ai vie\u021bii sale.<\/p>\n<p style=\"font-weight: 400\">Edi\u021bia anastatic\u0103 cuprinde o complex\u0103 parte introductiv\u0103 de specialitate, referitoare la istoricul manuscrisului \u0219i la\u00a0evaluarea fizico-chimic\u0103 a\u00a0materialelor care compun cartea de cult. Ne-am dorim s\u0103 scoatem \u00een eviden\u021b\u0103 o anume caracteristic\u0103 a cercet\u0103rii pluridisciplinare care se desf\u0103\u0219oar\u0103 \u00een sec\u021biile muzeului, respectiv Sec\u021bia Istorie \u0219i Sec\u021bia de Investiga\u021bii Fizico-Chimice \u0219i Biologice.\u00a0Tetraevanghelul cuviosului Nicodim este o adev\u0103rat\u0103 capodoper\u0103 a culturii medievale rom\u00e2ne\u0219ti, acord\u00e2ndu-i-se astfel un loc special \u00een procesul de conservare \u0219i valorificare \u0219tiin\u021bific\u0103 a unui bun cultural na\u021bional, mo\u0219tenit de la \u00eenainta\u0219ii no\u0219tri\u00a0\u0219i\u00a0preg\u0103tit pentru genera\u021biile viitoare, iubitoare de cultura veche \u0219i doritoare s\u0103 aprofundeze no\u021biuni de istorie \u0219i informa\u021bii concrete despre o parte a activit\u0103\u021bilor muzeale.<\/p>\n<p style=\"font-weight: 400\">S\u0103rb\u0103torirea Centenarului Marii Uniri este un act de solidaritate na\u021bional\u0103, oblig\u00e2ndu-ne la o c\u00e2t mai bun\u0103 performare, iar Muzeul Na\u021bional de Istorie a Rom\u00e2niei are datoria moral\u0103 de a edita, pentru to\u021bi rom\u00e2nii, un monument de cultur\u0103 veche, o pagin\u0103 frumoas\u0103 de istorie, oglindind cu adev\u0103rat dezvoltarea culturii \u00een epoca Marelui Voievod Mircea cel B\u0103tr\u00e2n.<\/p>\n<p style=\"font-weight: 400\">Tip\u0103rirea c\u0103r\u021bii a fost posibil\u0103 datorit\u0103 efortului comun al speciali\u0219tilor din cadrul MNIR, c\u00e2t \u0219i al cercet\u0103torilor \u0219i colaboratorilor de la\u00a0Institutul de istorie \u201eN. Iorga&#8221; al Academiei Rom\u00e2ne, de la Institutul de Cercetare Piel\u0103rie \u0219i \u00cenc\u0103l\u021b\u0103minte, de la Universitatea Tehnic\u0103 de Construc\u021bii Bucure\u0219ti \u0219i, nu \u00een ultimul r\u00e2nd, cu sprijinul Muzeului Na\u021bional de Art\u0103 al Rom\u00e2niei.<\/p>\n<p style=\"font-weight: 400\"><strong><u>Prezentarea colectivului \u0219tiin\u021bific:<\/u><\/strong><\/p>\n<p style=\"font-weight: 400\">Gheorghe Laz\u0103r (cercet\u0103tor \u0219tiin\u021bific I\/Institutul de istorie \u201eN. Iorga&#8221; al Academiei Rom\u00e2ne, Bucure\u0219ti\/doctor \u00een istorie),\u00a0Ginel Laz\u0103r (cercet\u0103tor \u0219tiin\u021bific III\/MNIR\/doctor \u00een istorie),\u00a0Cristina Car\u0219ote (cercet\u0103tor \u0219tiin\u021bific III\/MNIR\/doctor \u00een chimie), Zizi Ileana Balt\u0103 (cercet\u0103tor \u0219tiin\u021bific III\/MNIR\/drd), Elena Badea (cercet\u0103tor \u0219tiin\u021bific I\/ Institutul de Cercetare Piel\u0103rie \u0219i \u00cenc\u0103l\u021b\u0103minte\/ doctor \u00een chimie), Lucre\u021bia Miu (cercet\u0103tor \u0219tiin\u021bific I\/ Institutul de Cercetare Piel\u0103rie \u0219i \u00cenc\u0103l\u021b\u0103minte\/ doctor \u00een chimie), Emanuela Cernea (\u0219ef birou\/Muzeul Na\u021bional de Art\u0103 al Rom\u00e2niei\/doctor \u00een istoria artei), Raluca Ghen\u021bulescu (Conferen\u021biar universitar\/ Universitatea Tehnic\u0103 de Construc\u021bii Bucure\u0219ti\/ dr. \u00een filologie), Alexandra M\u0103r\u0103\u0219oiu (documentarist\/MNIR).<\/p>\n<p><span style=\"font-weight: 400\">MNIR mul\u021bume\u0219te \u0219i pe aceast\u0103 cale Editurii Magic Print din One\u0219ti pentru buna colaborare privind editarea \u0219i tip\u0103rirea Tetraevanghelului sf\u00e2ntului cuvios Nicodim de la Tismana.<\/span><span style=\"font-weight: 400\">\u00a0 \u00a0\u00a0<\/span><\/p>\n<\/div>\n","protected":false},"excerpt":{"rendered":"<div><span lang=\"IT\"><i>CALIGRAFIAT\u00a0<\/i><\/span><i>\u0218I MINIAT LA M\u0102N\u0102STIREA PRISLOP \u00ceN ANII 1404-1405.\u00a0Edi\u021bie anastatic\u0103, precedat\u0103 de o parte introductiv\u0103 bilingv\u0103, \u00een rom\u00e2n\u0103 \u0219i englez\u0103, av\u00e2nd \u00een prim plan un studiu istoric \u0219i evaluarea fizico<span lang=\"EN-US\">-chimic\u0103 a<\/span><span lang=\"EN-US\">\u00a0<\/span><span lang=\"EN-US\">materialelor care compun cartea de cult.<\/span><\/i><\/div>\n","protected":false},"featured_media":4908,"template":"","meta":[],"product_brand":[],"product_cat":[166],"product_tag":[],"class_list":{"0":"post-4904","1":"product","2":"type-product","3":"status-publish","4":"has-post-thumbnail","6":"product_cat-editie-anastatica","8":"first","9":"instock","10":"shipping-taxable","11":"purchasable","12":"product-type-simple"},"_links":{"self":[{"href":"https:\/\/mnir.ro\/shop\/index.php\/wp-json\/wp\/v2\/product\/4904","targetHints":{"allow":["GET"]}}],"collection":[{"href":"https:\/\/mnir.ro\/shop\/index.php\/wp-json\/wp\/v2\/product"}],"about":[{"href":"https:\/\/mnir.ro\/shop\/index.php\/wp-json\/wp\/v2\/types\/product"}],"wp:featuredmedia":[{"embeddable":true,"href":"https:\/\/mnir.ro\/shop\/index.php\/wp-json\/wp\/v2\/media\/4908"}],"wp:attachment":[{"href":"https:\/\/mnir.ro\/shop\/index.php\/wp-json\/wp\/v2\/media?parent=4904"}],"wp:term":[{"taxonomy":"product_brand","embeddable":true,"href":"https:\/\/mnir.ro\/shop\/index.php\/wp-json\/wp\/v2\/product_brand?post=4904"},{"taxonomy":"product_cat","embeddable":true,"href":"https:\/\/mnir.ro\/shop\/index.php\/wp-json\/wp\/v2\/product_cat?post=4904"},{"taxonomy":"product_tag","embeddable":true,"href":"https:\/\/mnir.ro\/shop\/index.php\/wp-json\/wp\/v2\/product_tag?post=4904"}],"curies":[{"name":"wp","href":"https:\/\/api.w.org\/{rel}","templated":true}]}}