{"id":4878,"date":"2018-10-17T22:43:55","date_gmt":"2018-10-17T19:43:55","guid":{"rendered":"http:\/\/89.36.140.88\/~mnir\/shop\/?post_type=product&#038;p=4878"},"modified":"2023-11-01T10:48:19","modified_gmt":"2023-11-01T08:48:19","slug":"averescu-prezan-maresalii-romaniei-mari-ed-istros-a-muzeului-brailei-carol-i-2018","status":"publish","type":"product","link":"https:\/\/mnir.ro\/shop\/index.php\/produs\/averescu-prezan-maresalii-romaniei-mari-ed-istros-a-muzeului-brailei-carol-i-2018\/","title":{"rendered":"Conduc\u0103torii Rom\u00e2niei Mari. \u0218efi de stat \u0219i de guvern (1918-1940)"},"content":{"rendered":"<div>Sunt 100 de ani de c\u00e2nd Rom\u00e2nia Mare a devenit realitate. O realitate care, din p\u0103cate, a durat prea pu\u021bin: de la 1 decembrie 1918, la 28 iunie 1940. Adic\u0103<b>\u00a021 de ani, 6 luni \u0219i 28 de zile.\u00a0<\/b>\u00cen ace\u0219ti ani \u00een fruntea statului s-au aflat\u00a0<b>trei<\/b>\u00a0regi care au \u00eencredin\u021bat puterea executiv\u0103 unui num\u0103r de\u00a0<b>19<\/b>\u00a0oameni politici care au devenit pre\u0219edin\u021bi ai Consiliului de Mini\u0219tri \u0219i au condus nu mai pu\u021bin de\u00a0<b>34\u00a0<\/b>de guverne.\u00a0 A fost o epoc\u0103 plin\u0103 de fr\u0103m\u00e2nt\u0103ri, \u00een care, pentru prima dat\u0103 \u00een istorie, rom\u00e2nii din toate provinciile istorice au fost implica\u021bi \u00een conducerea destinelor \u021b\u0103rii, ca \u0219efi de guvern, mini\u0219tri, parlamentari&#8230;<\/div>\n","protected":false},"excerpt":{"rendered":"<p>Sunt 100 de ani de c\u00e2nd Rom\u00e2nia Mare a devenit realitate. O realitate care, din p\u0103cate, a durat prea pu\u021bin: de la 1 decembrie 1918, la 28 iunie 1940. Adic\u0103\u00a021&#8230;<\/p>\n","protected":false},"featured_media":4873,"template":"","meta":[],"product_brand":[],"product_cat":[28],"product_tag":[],"class_list":{"0":"post-4878","1":"product","2":"type-product","3":"status-publish","4":"has-post-thumbnail","6":"product_cat-album","8":"first","9":"outofstock","10":"shipping-taxable","11":"purchasable","12":"product-type-simple"},"_links":{"self":[{"href":"https:\/\/mnir.ro\/shop\/index.php\/wp-json\/wp\/v2\/product\/4878","targetHints":{"allow":["GET"]}}],"collection":[{"href":"https:\/\/mnir.ro\/shop\/index.php\/wp-json\/wp\/v2\/product"}],"about":[{"href":"https:\/\/mnir.ro\/shop\/index.php\/wp-json\/wp\/v2\/types\/product"}],"wp:featuredmedia":[{"embeddable":true,"href":"https:\/\/mnir.ro\/shop\/index.php\/wp-json\/wp\/v2\/media\/4873"}],"wp:attachment":[{"href":"https:\/\/mnir.ro\/shop\/index.php\/wp-json\/wp\/v2\/media?parent=4878"}],"wp:term":[{"taxonomy":"product_brand","embeddable":true,"href":"https:\/\/mnir.ro\/shop\/index.php\/wp-json\/wp\/v2\/product_brand?post=4878"},{"taxonomy":"product_cat","embeddable":true,"href":"https:\/\/mnir.ro\/shop\/index.php\/wp-json\/wp\/v2\/product_cat?post=4878"},{"taxonomy":"product_tag","embeddable":true,"href":"https:\/\/mnir.ro\/shop\/index.php\/wp-json\/wp\/v2\/product_tag?post=4878"}],"curies":[{"name":"wp","href":"https:\/\/api.w.org\/{rel}","templated":true}]}}