{"id":4877,"date":"2018-10-17T22:40:55","date_gmt":"2018-10-17T19:40:55","guid":{"rendered":"http:\/\/89.36.140.88\/~mnir\/shop\/?post_type=product&#038;p=4877"},"modified":"2023-04-06T13:09:59","modified_gmt":"2023-04-06T10:09:59","slug":"conducatorii-romaniei-mari-sefi-de-stat-si-de-guvern-1918-1940-ed-istros-a-muzeului-brailei-carol-i-2018","status":"publish","type":"product","link":"https:\/\/mnir.ro\/shop\/index.php\/produs\/conducatorii-romaniei-mari-sefi-de-stat-si-de-guvern-1918-1940-ed-istros-a-muzeului-brailei-carol-i-2018\/","title":{"rendered":"Averescu-Prezan: Mare\u0219alii Rom\u00e2niei Mari"},"content":{"rendered":"<p>Alexandru Averescu \u0219i Constantin Prezan &#8211; dou\u0103 personalit\u0103\u021bi la care suntem obliga\u021bi s\u0103 ne \u00eentoarcem atunci c\u00e2nd vorbim de \u00eenf\u0103ptuirea Rom\u00e2niei Mari. Singurii mare\u0219ali ai Rom\u00e2niei (except\u00e2ndu-i, desigur, pe regi, care primeau \u201ede drept\u201d acest titlu) \u0219i-au c\u00e2\u0219tigat acest remarcabil loc \u00een istoria noastr\u0103 prin calit\u0103\u021bile de care au dat dovad\u0103 \u00een timpul R\u0103zboiului pentru \u00centregire, c\u00e2nd s-au aflat \u00een pozi\u021bii de conducere a Armatei Rom\u00e2ne, unul \u00een calitate de \u0219ef al Statului Major General, cel\u0103lalt \u00een calitate de comandant al Armatei a II-a. Averescu \u0219i Prezan au fost dou\u0103 personalit\u0103\u021bi remarcabile, pe at\u00e2t de diferite.<\/p>\n","protected":false},"excerpt":{"rendered":"<p>Alexandru Averescu \u0219i Constantin Prezan &#8211; dou\u0103 personalit\u0103\u021bi la care suntem obliga\u021bi s\u0103 ne \u00eentoarcem atunci c\u00e2nd vorbim de \u00eenf\u0103ptuirea Rom\u00e2niei Mari. Singurii mare\u0219ali ai Rom\u00e2niei (except\u00e2ndu-i, desigur, pe regi,&#8230;<\/p>\n","protected":false},"featured_media":4874,"template":"","meta":[],"product_brand":[],"product_cat":[28],"product_tag":[],"class_list":{"0":"post-4877","1":"product","2":"type-product","3":"status-publish","4":"has-post-thumbnail","6":"product_cat-album","8":"first","9":"outofstock","10":"shipping-taxable","11":"purchasable","12":"product-type-simple"},"_links":{"self":[{"href":"https:\/\/mnir.ro\/shop\/index.php\/wp-json\/wp\/v2\/product\/4877","targetHints":{"allow":["GET"]}}],"collection":[{"href":"https:\/\/mnir.ro\/shop\/index.php\/wp-json\/wp\/v2\/product"}],"about":[{"href":"https:\/\/mnir.ro\/shop\/index.php\/wp-json\/wp\/v2\/types\/product"}],"wp:featuredmedia":[{"embeddable":true,"href":"https:\/\/mnir.ro\/shop\/index.php\/wp-json\/wp\/v2\/media\/4874"}],"wp:attachment":[{"href":"https:\/\/mnir.ro\/shop\/index.php\/wp-json\/wp\/v2\/media?parent=4877"}],"wp:term":[{"taxonomy":"product_brand","embeddable":true,"href":"https:\/\/mnir.ro\/shop\/index.php\/wp-json\/wp\/v2\/product_brand?post=4877"},{"taxonomy":"product_cat","embeddable":true,"href":"https:\/\/mnir.ro\/shop\/index.php\/wp-json\/wp\/v2\/product_cat?post=4877"},{"taxonomy":"product_tag","embeddable":true,"href":"https:\/\/mnir.ro\/shop\/index.php\/wp-json\/wp\/v2\/product_tag?post=4877"}],"curies":[{"name":"wp","href":"https:\/\/api.w.org\/{rel}","templated":true}]}}