{"id":4836,"date":"2018-05-21T17:32:37","date_gmt":"2018-05-21T14:32:37","guid":{"rendered":"http:\/\/89.36.140.88\/~mnir\/shop\/?post_type=product&#038;p=4836"},"modified":"2024-09-26T14:56:50","modified_gmt":"2024-09-26T11:56:50","slug":"stefan-cel-mare-din-istorie-in-vesnicie","status":"publish","type":"product","link":"https:\/\/mnir.ro\/shop\/index.php\/produs\/stefan-cel-mare-din-istorie-in-vesnicie\/","title":{"rendered":"\u0218tefan cel Mare. Din istorie \u00een ve\u0219nicie"},"content":{"rendered":"<p>Figura m\u0103rea\u021b\u0103 a voievodului \u0218tefan cel Mare va str\u0103bate veacurile at\u00e2ta vreme c\u00e2t codrii Moldovei vor frem\u0103ta, c\u00e2t apele care coboar\u0103 din mun\u021bi vor curge, at\u00e2ta vreme c\u00e2t vor exista poporul rom\u00e2n \u0219i limba pe care o vorbe\u0219te.<\/p>\n<p>&nbsp;<\/p>\n<p>\u00cen galeria marilor personalit\u0103\u021bi ale istoriei rom\u00e2ne\u0219ti, \u0218tefan cel Mare se ridic\u0103 \u00een punctul cel mai \u00eenalt.\u00a0 De aceea, nu este \u00eent\u00e2mpl\u0103tor faptul c\u0103 mo\u0219tenirea l\u0103sat\u0103 de el este un subiect al cercet\u0103rii istorice \u0219i, de ce nu, al memor\u0103rii \u0219i comemor\u0103rii prin expozi\u021bii. Muzeul Na\u021bional de Istorie a Rom\u00e2niei \u0219i Muzeul Bucovinei, Suceava \u00ee\u0219i fac o datorie de onoare ca, \u00een Anul Centenar, s\u0103 prezinte publicului o expozi\u021bie \u00een care \u00eencerc\u0103m s\u0103 adun\u0103m ca \u00eentr-un caleidoscop, documente esen\u021biale privind acest m\u0103re\u021b moment din istoria noastr\u0103: domnia lui \u0218tefan cel Mare.<\/p>\n<p>&nbsp;<\/p>\n<p>Al\u0103turi de muzeele men\u021bionate mai sus, \u00een acest proiect particip\u0103: Muzeul Na\u021bional de Art\u0103 al Rom\u00e2niei,\u00a0 Complexul Muzeal Na\u021bional \u201eMoldova\u201d (Ia\u0219i), Complexul Muzeal Jude\u021bean \u201eIulian Antonescu\u201d (Bac\u0103u), Muzeul Jude\u021bean \u201e\u0218tefan cel Mare\u201d (Vaslui), Muzeul\u00a0 Jude\u021bean Boto\u0219ani, Complexul Muzeal Jude\u021bean Neam\u021b (Piatra Neam\u021b), Muzeul Na\u021bional al Literaturii Rom\u00e2ne (Bucure\u0219ti) \u0219i Muzeul \u201eArta Lemnului\u201d din C\u00e2mpulung Moldovenesc.<\/p>\n","protected":false},"excerpt":{"rendered":"<p>Figura m\u0103rea\u021b\u0103 a voievodului \u0218tefan cel Mare va str\u0103bate veacurile at\u00e2ta vreme c\u00e2t codrii Moldovei vor frem\u0103ta, c\u00e2t apele care coboar\u0103 din mun\u021bi vor curge, at\u00e2ta vreme c\u00e2t vor exista&#8230;<\/p>\n","protected":false},"featured_media":4832,"template":"","meta":[],"product_brand":[],"product_cat":[27],"product_tag":[],"class_list":{"0":"post-4836","1":"product","2":"type-product","3":"status-publish","4":"has-post-thumbnail","6":"product_cat-catalog-expozitie","8":"first","9":"outofstock","10":"shipping-taxable","11":"purchasable","12":"product-type-simple"},"_links":{"self":[{"href":"https:\/\/mnir.ro\/shop\/index.php\/wp-json\/wp\/v2\/product\/4836","targetHints":{"allow":["GET"]}}],"collection":[{"href":"https:\/\/mnir.ro\/shop\/index.php\/wp-json\/wp\/v2\/product"}],"about":[{"href":"https:\/\/mnir.ro\/shop\/index.php\/wp-json\/wp\/v2\/types\/product"}],"wp:featuredmedia":[{"embeddable":true,"href":"https:\/\/mnir.ro\/shop\/index.php\/wp-json\/wp\/v2\/media\/4832"}],"wp:attachment":[{"href":"https:\/\/mnir.ro\/shop\/index.php\/wp-json\/wp\/v2\/media?parent=4836"}],"wp:term":[{"taxonomy":"product_brand","embeddable":true,"href":"https:\/\/mnir.ro\/shop\/index.php\/wp-json\/wp\/v2\/product_brand?post=4836"},{"taxonomy":"product_cat","embeddable":true,"href":"https:\/\/mnir.ro\/shop\/index.php\/wp-json\/wp\/v2\/product_cat?post=4836"},{"taxonomy":"product_tag","embeddable":true,"href":"https:\/\/mnir.ro\/shop\/index.php\/wp-json\/wp\/v2\/product_tag?post=4836"}],"curies":[{"name":"wp","href":"https:\/\/api.w.org\/{rel}","templated":true}]}}