{"id":4830,"date":"2018-05-21T16:45:28","date_gmt":"2018-05-21T13:45:28","guid":{"rendered":"http:\/\/89.36.140.88\/~mnir\/shop\/?post_type=product&#038;p=4830"},"modified":"2022-04-20T10:43:15","modified_gmt":"2022-04-20T07:43:15","slug":"4830","status":"publish","type":"product","link":"https:\/\/mnir.ro\/shop\/index.php\/produs\/4830\/","title":{"rendered":"Basarabia &#8211; 100 de ani de la unirea cu Rom\u00e2nia"},"content":{"rendered":"<p>Muzeul Na\u021bional de Istorie a Rom\u00e2niei deschide celebrarea Centenarului Rom\u00e2niei Mari cu o rememorare a evenimentelor din memorabilul <strong>AN 1918<\/strong>. Prin amploarea \u0219i complexitatea sa, expozi\u021bia <em>Basarabia &#8211; 100 de ani de la unirea cu Rom\u00e2nia<\/em> este prima de acest fel organizat\u0103 nu numai la Bucure\u0219ti, dar \u00een tot spa\u021biul unde se vorbe\u0219te \u0219i se simte rom\u00e2ne\u0219te.<\/p>\n<p>&nbsp;<\/p>\n<p>Demersurile rom\u00e2nilor din ceea ce mai r\u0103m\u0103sese liber din teritoriul na\u021bional sunt cu at\u00e2t mai demne de a fi apreciate cu c\u00e2t ele veneau din acea mic\u0103 Rom\u00e2nie, redus\u0103 doar la o parte din teritoriul Moldovei din dreapta Prutului \u0219i aflat\u0103 ea \u00eens\u0103\u0219i \u00een fa\u021ba unor probleme de via\u021b\u0103 \u0219i de moarte, prins\u0103 \u00eentre tentaculele armatelor Puterilor Centrale, bandelor bol\u0219evicilor \u0219i na\u021bionali\u0219tilor ucraineni, izolat\u0103 de Alia\u021bi.<\/p>\n<p>&nbsp;<\/p>\n<p>Votul zdrobitor al Sfatului \u021a\u0103rii din 27 martie\/9 aprilie 1918, organul reprezentativ, ales democratic al tuturor locuitorilor din Basarabia este \u0219i va r\u0103m\u00e2ne elocvent peste veacuri pentru adev\u0103rata dorin\u021b\u0103 a rom\u00e2nilor \u0219i a altor etnii din \u021binutul dintre Prut \u0219i Nistru, rupt din trupul Moldovei de c\u0103tre de Imperiul Rus \u00een 1812. \u0218i azi, la 100 de ani de la acele momente istorice, sprijini\u021bi pe adev\u0103rul de necontestat al documentelor, putem spune lumii: <em>Da! Rom\u00e2nii dintre Prut \u0219i Nistru au dorit ca <\/em>\u201e<em>Basarabia s\u0103 se uneasc\u0103 cu Mama sa, Rom\u00e2nia<\/em>\u201d!<\/p>\n<p>&nbsp;<\/p>\n<p>Unirea Basarabiei cu Rom\u00e2nia a fost prima piatr\u0103 a\u0219ezat\u0103 la temelia edificiului des\u0103v\u00e2r\u0219irii unit\u0103\u021bii na\u021bionale a Rom\u00e2niei, edificiu cl\u0103dit pe comunitatea de limb\u0103, cultur\u0103 \u0219i istorie, cimentat de r\u00e2uri de s\u00e2nge \u0219i lacrimi. Aceast\u0103 prim\u0103 Unire a fost o mare oper\u0103 a mai multor genera\u021bii pentru succesul c\u0103reia \u0219i-au dat m\u00e2na politicienii, solda\u021bii \u0219i ofi\u021berii, intelectualii \u0219i cet\u0103\u021benii de r\u00e2nd de pe ambele maluri ale Prutului, c\u0103rora li s-au al\u0103turat \u0219i voluntarii rom\u00e2ni din Transilvania \u0219i Bucovina, cu to\u021bii convin\u0219i c\u0103 dreptatea istoric\u0103 este de partea lor. \u00centr-un fel, a fost o repeti\u021bie pentru seria \u201eunirilor\u201d care vor marca acel unic an istoric al rom\u00e2nilor \u2013 1918. \u0218i cu acest prilej vizitatorul de azi va putea aprecia c\u00e2t de mare a fost rolul intelectualilor ridica\u021bi din r\u00e2ndul rom\u00e2nilor basarabeni: \u00eenv\u0103\u021b\u0103tori, profesori, preo\u021bi, scriitori, juri\u0219ti, economi\u0219ti, medici, b\u0103rba\u021bi \u0219i femei, oameni cu idei politice de st\u00e2nga sau de dreapta, republicani sau monarhi\u0219ti, dar cu to\u021bii anima\u021bi de ideea ap\u0103r\u0103rii drepturilor rom\u00e2nilor din acest \u021binut la demnitate na\u021bional\u0103 \u0219i dreptate social\u0103.<\/p>\n<p>Expozi\u021bia <em>Basarabia &#8211; 100 de ani de la Unirea cu Rom\u00e2nia<\/em> este rodul cooper\u0103rii fructuoase dintre Muzeul Na\u021bional de Istorie a Rom\u00e2niei \u0219i cele mai reprezentative institu\u021bii din Rom\u00e2nia \u0219i Republica Moldova dedicate p\u0103str\u0103rii memoriei istorice a na\u021biunii: Muzeul Na\u021bional de Istorie a Moldovei, Arhivele Na\u021bionale ale Rom\u00e2niei, Serviciul de Stat de Arhiv\u0103 al Republicii Moldova &#8211; Arhiva Na\u021bional\u0103 a Republicii Moldova \u0219i Consiliul Na\u021bional pentru Studierea Arhivelor Securit\u0103\u021bii.<\/p>\n<p>&nbsp;<\/p>\n<p>Muzeul Na\u021bional de Istorie a Rom\u00e2niei dore\u0219te s\u0103-\u0219i exprime recuno\u0219tin\u021ba pentru sprijinul acordat \u00een realizarea expozi\u021biei <em>Basarabia 100 de ani de la Unirea cu Rom\u00e2nia<\/em> domnilor: prof. univ. dr. Gheorghe Postic\u0103, \u0219ef cabinet minitru (Ministerul Educa\u021biei, Culturii \u0219i Cercet\u0103rii al Republicii Moldova), Iurie Colesnic, scriitor \u0219i istoric al literaturii, de la Chi\u0219in\u0103u, dr. Ioan Dr\u0103gan, directorul Arhivelor Na\u021bionale ale Rom\u00e2niei, dr. Eugen Sava,\u00a0 directorul Muzeului Na\u021bional de Istorie a Moldovei din Chi\u0219in\u0103u, precum \u0219i dr. Ion Varta, directorul Serviciul de Stat de Arhiv\u0103 al Republicii Moldova.<\/p>\n<p>&nbsp;<\/p>\n<p>At\u00e2t expozi\u021bia, c\u00e2t \u0219i catalogul care o \u00eenso\u021be\u0219te au avut mult de c\u00e2\u0219tigat ca urmare a informa\u021biilor care ne-au fost puse, cu generozitate, la dispozi\u021bie, de c\u0103tre domnii Iurie Colesnic, dr. Ion Varta \u0219i Dan Dim\u0103ncescu, consulul onorific al Rom\u00e2niei la Boston.<\/p>\n<p>&nbsp;<\/p>\n<p>Realizat\u0103 prin reunirea resurselor unor institu\u021bii at\u00e2t de prestigioase, sper\u0103m c\u0103 expozi\u021bia <em>Basarabia &#8211; 100 de ani de la Unirea cu Rom\u00e2nia<\/em> va contribui la mai buna \u00een\u021belegere \u0219i cunoa\u0219tere a istoriei noastre de c\u0103tre genera\u021bia care are \u0219ansa s\u0103 tr\u0103iasc\u0103 Centenarul celebr\u0103rii des\u0103v\u00e2r\u0219irii unit\u0103\u021bii na\u021bionale a rom\u00e2nilor \u0219i va constitui, fie \u0219i o simbolic\u0103 recuno\u0219tin\u021b\u0103 pentru n\u0103zuin\u021bele \u0219i faptele extraordinare ale acelor vis\u0103tori minuna\u021bi care, \u00een urm\u0103 cu un secol, declarau \u00een fa\u021b\u0103 \u021a\u0103rii \u0219i lumii \u00eentregi c\u0103 \u201eRepublica Democratic\u0103 Moldoveneasc\u0103 (Basarabia), \u00een hotarele ei dintre Prut, Nistru, Marea Neagr\u0103 \u0219i vechile grani\u021be cu Austria, rupt\u0103 de Rusia acum o sut\u0103 \u0219i mai bine de ani din trupul vechii Moldove, \u00een puterea dreptului istoric \u0219i dreptului de neam, pe baza principiului c\u0103 noroadele singure s\u0103-\u0219i hot\u0103rasc\u0103 soarta lor, de azi \u00eenainte \u0219i pentru totdeauna SE UNE\u0218TE CU MAMA SA, ROM\u00c2NIA\u201d.<\/p>\n<p><strong>\u00a0<\/strong><\/p>\n<p>&nbsp;<\/p>\n<p>&nbsp;<\/p>\n","protected":false},"excerpt":{"rendered":"<p>Muzeul Na\u021bional de Istorie a Rom\u00e2niei deschide celebrarea Centenarului Rom\u00e2niei Mari cu o rememorare a evenimentelor din memorabilul AN 1918. Prin amploarea \u0219i complexitatea sa, expozi\u021bia Basarabia &#8211; 100 de&#8230;<\/p>\n","protected":false},"featured_media":4831,"template":"","meta":[],"product_brand":[],"product_cat":[28],"product_tag":[],"class_list":{"0":"post-4830","1":"product","2":"type-product","3":"status-publish","4":"has-post-thumbnail","6":"product_cat-album","8":"first","9":"instock","10":"shipping-taxable","11":"purchasable","12":"product-type-simple"},"_links":{"self":[{"href":"https:\/\/mnir.ro\/shop\/index.php\/wp-json\/wp\/v2\/product\/4830","targetHints":{"allow":["GET"]}}],"collection":[{"href":"https:\/\/mnir.ro\/shop\/index.php\/wp-json\/wp\/v2\/product"}],"about":[{"href":"https:\/\/mnir.ro\/shop\/index.php\/wp-json\/wp\/v2\/types\/product"}],"wp:featuredmedia":[{"embeddable":true,"href":"https:\/\/mnir.ro\/shop\/index.php\/wp-json\/wp\/v2\/media\/4831"}],"wp:attachment":[{"href":"https:\/\/mnir.ro\/shop\/index.php\/wp-json\/wp\/v2\/media?parent=4830"}],"wp:term":[{"taxonomy":"product_brand","embeddable":true,"href":"https:\/\/mnir.ro\/shop\/index.php\/wp-json\/wp\/v2\/product_brand?post=4830"},{"taxonomy":"product_cat","embeddable":true,"href":"https:\/\/mnir.ro\/shop\/index.php\/wp-json\/wp\/v2\/product_cat?post=4830"},{"taxonomy":"product_tag","embeddable":true,"href":"https:\/\/mnir.ro\/shop\/index.php\/wp-json\/wp\/v2\/product_tag?post=4830"}],"curies":[{"name":"wp","href":"https:\/\/api.w.org\/{rel}","templated":true}]}}