{"id":4814,"date":"2018-02-09T18:24:38","date_gmt":"2018-02-09T16:24:38","guid":{"rendered":"http:\/\/89.36.140.88\/~mnir\/shop\/?post_type=product&#038;p=4814"},"modified":"2020-06-09T13:59:50","modified_gmt":"2020-06-09T10:59:50","slug":"ghidul-expozitiei-aurul-si-argintul-antic-al-romaniei","status":"publish","type":"product","link":"https:\/\/mnir.ro\/shop\/index.php\/produs\/ghidul-expozitiei-aurul-si-argintul-antic-al-romaniei\/","title":{"rendered":"Ghidul expozi\u021biei \u201eAurul \u0219i argintul antic al Rom\u00e2niei\u201d"},"content":{"rendered":"<p>Acest volum s-a n\u0103scut din convingerea c\u0103 prin materialitatea \u0219i efemeritatea expunerii, o expozi\u021bie se aseam\u0103n\u0103 foarte mult cu un context arheologic. Am considerat astfel c\u0103 este datoria noastr\u0103 s\u0103 prezent\u0103m structura acestui context, s\u0103 oferim o descriere a sa, a esteticii, a succesiunii vitrinelor \u0219i a modului de re-contextualizare a obiectelor din interiorul acestora. Credem c\u0103 aceast\u0103 abordare poate fi relevant\u0103 at\u00e2t pentru muzeografie c\u00e2t \u0219i din perspectiva interpret\u0103rii arheologice a obiectelor. Prin structur\u0103 \u0219i informa\u021bii cartea poate c\u0103l\u0103uzi, pas cu pas, vizitarea expozi\u021biei \u0219i, ulterior, poate oferi toate instrumentele necesare rememor\u0103rii acesteia.<\/p>\n<p>editor: Rodica Oan\u021b\u0103-Marghitu<\/p>\n<p><a href=\"https:\/\/mnir.ro\/shop\/index.php\/produs\/aurul-si-argintul-antic-al-romaniei\/\"><strong>Aurul \u0219i Argintul Antic al Rom\u00e2niei. Catalog de expozi\u021bie<\/strong><\/a><\/p>\n<p><a href=\"https:\/\/mnir.ro\/shop\/index.php\/produs\/the-ancient-gold-and-silver-of-romania\/\"><strong>The Ancient Gold and Silver of Romania. Exhibition catalogue<\/strong><\/a><\/p>\n<p>&nbsp;<\/p>\n","protected":false},"excerpt":{"rendered":"<p>Acest volum s-a n\u0103scut din convingerea c\u0103 prin materialitatea \u0219i efemeritatea expunerii, o expozi\u021bie se aseam\u0103n\u0103 foarte mult cu un context arheologic. Am considerat astfel c\u0103 este datoria noastr\u0103 s\u0103&#8230;<\/p>\n","protected":false},"featured_media":4815,"template":"","meta":[],"product_brand":[],"product_cat":[169],"product_tag":[],"class_list":{"0":"post-4814","1":"product","2":"type-product","3":"status-publish","4":"has-post-thumbnail","6":"product_cat-ghid-de-expozitie","8":"first","9":"instock","10":"shipping-taxable","11":"purchasable","12":"product-type-simple"},"_links":{"self":[{"href":"https:\/\/mnir.ro\/shop\/index.php\/wp-json\/wp\/v2\/product\/4814","targetHints":{"allow":["GET"]}}],"collection":[{"href":"https:\/\/mnir.ro\/shop\/index.php\/wp-json\/wp\/v2\/product"}],"about":[{"href":"https:\/\/mnir.ro\/shop\/index.php\/wp-json\/wp\/v2\/types\/product"}],"wp:featuredmedia":[{"embeddable":true,"href":"https:\/\/mnir.ro\/shop\/index.php\/wp-json\/wp\/v2\/media\/4815"}],"wp:attachment":[{"href":"https:\/\/mnir.ro\/shop\/index.php\/wp-json\/wp\/v2\/media?parent=4814"}],"wp:term":[{"taxonomy":"product_brand","embeddable":true,"href":"https:\/\/mnir.ro\/shop\/index.php\/wp-json\/wp\/v2\/product_brand?post=4814"},{"taxonomy":"product_cat","embeddable":true,"href":"https:\/\/mnir.ro\/shop\/index.php\/wp-json\/wp\/v2\/product_cat?post=4814"},{"taxonomy":"product_tag","embeddable":true,"href":"https:\/\/mnir.ro\/shop\/index.php\/wp-json\/wp\/v2\/product_tag?post=4814"}],"curies":[{"name":"wp","href":"https:\/\/api.w.org\/{rel}","templated":true}]}}