{"id":4810,"date":"2018-02-09T18:20:30","date_gmt":"2018-02-09T16:20:30","guid":{"rendered":"http:\/\/89.36.140.88\/~mnir\/shop\/?post_type=product&#038;p=4810"},"modified":"2023-07-28T11:52:04","modified_gmt":"2023-07-28T08:52:04","slug":"tetraevanghelul-ieromonahului-spiridon-caligrafiat-si-miniat-la-manastirea-putna-in-1502-din-porunca-lui-stefan-cel-mare","status":"publish","type":"product","link":"https:\/\/mnir.ro\/shop\/index.php\/produs\/tetraevanghelul-ieromonahului-spiridon-caligrafiat-si-miniat-la-manastirea-putna-in-1502-din-porunca-lui-stefan-cel-mare\/","title":{"rendered":"Tetraevanghelul Ieromonahului Spiridon. Caligrafiat \u0219i miniat la m\u0103n\u0103stirea Putna \u00een 1502, din porunca lui \u0218tefan cel Mare"},"content":{"rendered":"<p>Edi\u021bie anastatic\u0103, precedat\u0103 de o parte introductiv\u0103 bilingv\u0103, \u00een rom\u00e2n\u0103 \u0219i englez\u0103, av\u00e2nd \u00een prim plan un studiu istoric \u0219i evaluarea fizico-chimic\u0103 a materialelor care compun cartea de cult.<\/p>\n<p>Manuscrisul de cult a reprezentat o dona\u021bie pentru Biserica Cur\u021bii Domne\u0219ti din Piatra Neam\u021b. A f\u0103cut parte din Tezaurul Rom\u00e2niei care a plecat \u00een Rusia \u021barist\u0103, \u00een 1917, \u00eentorc\u00e2ndu-se \u00een 1956. A f\u0103cut parte din expozi\u021bia \u201eComorile Rom\u00e2niei \u00een China\u201d (2016), fiind o adev\u0103rat\u0103 capodoper\u0103 a literaturii rom\u00e2ne vechi.<\/p>\n<p><em>\u00a0<\/em><\/p>\n","protected":false},"excerpt":{"rendered":"<p>Edi\u021bie anastatic\u0103, precedat\u0103 de o parte introductiv\u0103 bilingv\u0103, \u00een rom\u00e2n\u0103 \u0219i englez\u0103, av\u00e2nd \u00een prim plan un studiu istoric \u0219i evaluarea fizico-chimic\u0103 a materialelor care compun cartea de cult. Manuscrisul&#8230;<\/p>\n","protected":false},"featured_media":4811,"template":"","meta":[],"product_brand":[],"product_cat":[166],"product_tag":[],"class_list":{"0":"post-4810","1":"product","2":"type-product","3":"status-publish","4":"has-post-thumbnail","6":"product_cat-editie-anastatica","8":"first","9":"outofstock","10":"shipping-taxable","11":"purchasable","12":"product-type-simple"},"_links":{"self":[{"href":"https:\/\/mnir.ro\/shop\/index.php\/wp-json\/wp\/v2\/product\/4810","targetHints":{"allow":["GET"]}}],"collection":[{"href":"https:\/\/mnir.ro\/shop\/index.php\/wp-json\/wp\/v2\/product"}],"about":[{"href":"https:\/\/mnir.ro\/shop\/index.php\/wp-json\/wp\/v2\/types\/product"}],"wp:featuredmedia":[{"embeddable":true,"href":"https:\/\/mnir.ro\/shop\/index.php\/wp-json\/wp\/v2\/media\/4811"}],"wp:attachment":[{"href":"https:\/\/mnir.ro\/shop\/index.php\/wp-json\/wp\/v2\/media?parent=4810"}],"wp:term":[{"taxonomy":"product_brand","embeddable":true,"href":"https:\/\/mnir.ro\/shop\/index.php\/wp-json\/wp\/v2\/product_brand?post=4810"},{"taxonomy":"product_cat","embeddable":true,"href":"https:\/\/mnir.ro\/shop\/index.php\/wp-json\/wp\/v2\/product_cat?post=4810"},{"taxonomy":"product_tag","embeddable":true,"href":"https:\/\/mnir.ro\/shop\/index.php\/wp-json\/wp\/v2\/product_tag?post=4810"}],"curies":[{"name":"wp","href":"https:\/\/api.w.org\/{rel}","templated":true}]}}