{"id":4808,"date":"2018-02-09T18:16:52","date_gmt":"2018-02-09T16:16:52","guid":{"rendered":"http:\/\/89.36.140.88\/~mnir\/shop\/?post_type=product&#038;p=4808"},"modified":"2022-04-19T15:11:50","modified_gmt":"2022-04-19T12:11:50","slug":"catalogul-colectiei-de-cahle-si-ceramica-decorativa-din-muzeul-national-de-istorie-a-romaniei-autor-andra-samson","status":"publish","type":"product","link":"https:\/\/mnir.ro\/shop\/index.php\/produs\/catalogul-colectiei-de-cahle-si-ceramica-decorativa-din-muzeul-national-de-istorie-a-romaniei-autor-andra-samson\/","title":{"rendered":"Catalogul colec\u021biei de cahle \u0219i ceramic\u0103 decorativ\u0103 din Muzeul Na\u021bional de Istorie a Rom\u00e2niei, autor Andra Samson"},"content":{"rendered":"<p>Colec\u021bia de ceramic\u0103 decorativ\u0103 din patrimoniul Muzeului Na\u021bional de Istorie a Rom\u00e2niei este una valoroas\u0103 din punct de vedere arheologic, istorico-documentar \u0219i artistic. Volumul de fa\u021b\u0103 se adreseaz\u0103 deopotriv\u0103 speciali\u0219tilor, dar \u0219i nespeciali\u0219tilor interesa\u021bi de ceramica decorativ\u0103.<\/p>\n<p>Istoria colec\u021biei de ceramic\u0103 decorativ\u0103 din Muzeul Na\u021bional de Istorie a Rom\u00e2niei are un drum paralel cu cel al istoriei muzeului. Ini\u021bial, colec\u021bia a f\u0103cut parte din colec\u021bia de ceramic\u0103, fiind constituit\u0103 din piese transferate de la cele mai importante institu\u021bii de cultur\u0103 din \u021bar\u0103: colec\u021biile <em>Muzeului Na\u021bional de Antichit\u0103\u021bi<\/em>, p\u0103strat\u0103 la Institutul de Arheologie <em>Vasile P\u00e2rvan<\/em> din Bucure\u0219ti, p\u0103r\u021bi ale colec\u021biilor muzeelor de la Bucure\u0219ti, Suceava, Ia\u0219i, Cluj-Napoca etc. De asemenea, de-a lungul timpului, colec\u021bia de ceramic\u0103 decorativ\u0103 a fost \u00eembog\u0103\u021bit\u0103 cu piese provenite din s\u0103p\u0103turile arheologice \u00eentreprinse pe teritoriul Rom\u00e2niei \u00een toate provinciile istorice, precum \u0219i din dona\u021bii \u0219i achizi\u021bii.<\/p>\n<p>Colec\u021bia de ceramic\u0103 decorativ\u0103 a Muzeului Na\u021bional de Istorie a Rom\u00e2niei con\u021bine un num\u0103r de 1157 de piese ce apar\u021bin categoriei ceramicii mai sus men\u021bionate (\u0219i aici amintim cahle, de diferite categorii, ceramic\u0103 monumental\u0103, piese de paviment etc.), ce acoper\u0103 o perioad\u0103 cronologic\u0103 cuprins\u0103 \u00eentre secolele al XIV-lea \u0219i al XX-lea. Dintre acestea, un num\u0103r de 284 piese fac obiectul catalogului de fa\u021b\u0103. Sunt prezente toate tipurile de cahle \u0219i piese ceramice folosite \u00een componen\u021ba sobelor: de la cahle simple, nesm\u0103l\u021buite, p\u00e2n\u0103 la hornuri. O parte din piese au f\u0103cut parte din diferite expozi\u021bii al MNIR, altele sunt valorificate \u00een premier\u0103 cu ocazia acestui volum.<\/p>\n<p>De\u0219i o mare parte dintre piese au fost publicate \u00een diverse volume de specialitate (articole \u0219tiin\u021bifice, monografii arheologice sau \u00een lucr\u0103ri de popularizare), nevoia edit\u0103rii unui catalog ce cuprinde piese de ceramic\u0103 monumental\u0103 a venit cumva firesc, datorit\u0103 diversit\u0103\u021bii pieselor din colec\u021bie, precum \u0219i a noii abord\u0103ri pe care o propunem.<\/p>\n<p>Elementele de noutate pe care le aduce acest catalog sunt: faptul c\u0103 unele piese sunt inedite; altele au fost publicate incomplet; iar pentru o parte din piese au fost l\u0103murite condi\u021biile de provenien\u021b\u0103, precum \u0219i modul \u00een care acestea un intrat \u00een patrimoniul MNIR. Pentru o utilizare c\u00e2t mai eficien\u0103 a catalogului au fost men\u021bionate (acolo unde este cazul) num\u0103rul de inventar actual, dar \u0219i num\u0103rul de inventar al institu\u021biei de provenine\u021b\u0103.<\/p>\n<p>Catalogul este structurat astfel: denumire obiect, num\u0103rul de inventar \u00een cadrul MNIR, institu\u021bia anterioar\u0103 \u0219i num\u0103rul de inventar (acolo unde este cazul), loc de descoperire, dimensiuni \u00een centimetri, descriere (descrierea decorului este realizat\u0103 din perspectiva privitorului), stare de conservare, datare, bibliografie. Fiecare pies\u0103 beneficiaz\u0103 de fotografie color.<\/p>\n","protected":false},"excerpt":{"rendered":"<p>Colec\u021bia de ceramic\u0103 decorativ\u0103 din patrimoniul Muzeului Na\u021bional de Istorie a Rom\u00e2niei este una valoroas\u0103 din punct de vedere arheologic, istorico-documentar \u0219i artistic. Volumul de fa\u021b\u0103 se adreseaz\u0103 deopotriv\u0103 speciali\u0219tilor,&#8230;<\/p>\n","protected":false},"featured_media":4809,"template":"","meta":[],"product_brand":[],"product_cat":[155],"product_tag":[],"class_list":{"0":"post-4808","1":"product","2":"type-product","3":"status-publish","4":"has-post-thumbnail","6":"product_cat-fara-categorie","8":"first","9":"instock","10":"shipping-taxable","11":"purchasable","12":"product-type-simple"},"_links":{"self":[{"href":"https:\/\/mnir.ro\/shop\/index.php\/wp-json\/wp\/v2\/product\/4808","targetHints":{"allow":["GET"]}}],"collection":[{"href":"https:\/\/mnir.ro\/shop\/index.php\/wp-json\/wp\/v2\/product"}],"about":[{"href":"https:\/\/mnir.ro\/shop\/index.php\/wp-json\/wp\/v2\/types\/product"}],"wp:featuredmedia":[{"embeddable":true,"href":"https:\/\/mnir.ro\/shop\/index.php\/wp-json\/wp\/v2\/media\/4809"}],"wp:attachment":[{"href":"https:\/\/mnir.ro\/shop\/index.php\/wp-json\/wp\/v2\/media?parent=4808"}],"wp:term":[{"taxonomy":"product_brand","embeddable":true,"href":"https:\/\/mnir.ro\/shop\/index.php\/wp-json\/wp\/v2\/product_brand?post=4808"},{"taxonomy":"product_cat","embeddable":true,"href":"https:\/\/mnir.ro\/shop\/index.php\/wp-json\/wp\/v2\/product_cat?post=4808"},{"taxonomy":"product_tag","embeddable":true,"href":"https:\/\/mnir.ro\/shop\/index.php\/wp-json\/wp\/v2\/product_tag?post=4808"}],"curies":[{"name":"wp","href":"https:\/\/api.w.org\/{rel}","templated":true}]}}