{"id":4794,"date":"2018-02-09T13:37:37","date_gmt":"2018-02-09T11:37:37","guid":{"rendered":"http:\/\/89.36.140.88\/~mnir\/shop\/?post_type=product&#038;p=4794"},"modified":"2022-04-19T18:28:25","modified_gmt":"2022-04-19T15:28:25","slug":"gloria-si-arta-volumul-i-medalii-si-decoratii-britanice-din-colectia-muzeului-national-de-istorie-a-romaniei-autor-manuela-salomeea-ion","status":"publish","type":"product","link":"https:\/\/mnir.ro\/shop\/index.php\/produs\/gloria-si-arta-volumul-i-medalii-si-decoratii-britanice-din-colectia-muzeului-national-de-istorie-a-romaniei-autor-manuela-salomeea-ion\/","title":{"rendered":"Gloria \u0219i art\u0103. Volumul I. Medalii \u0219i decora\u021bii britanice din colec\u021bia Muzeului Na\u021bional de Istorie a Rom\u00e2niei, autor Manuela-Salomeea Ion"},"content":{"rendered":"<p>Pornind de la cercetarea a 110 medalii \u0219i decora\u021bii britanice aflate \u00een colec\u021bia Muzeului Na\u021bional de Istorie a Rom\u00e2niei, autoarea ne poart\u0103 prin aproape patru secole de istorie modern\u0103. \u00cendrept\u00e2ndu-ne aten\u021bia asupra evenimentelor comemorate, \u00eentrez\u0103rim fr\u00e2nturi din via\u021ba capetelor \u00eencoronate, a oamenilor de seam\u0103, dar \u0219i a societ\u0103\u021bii britanice, \u00een general. Redat\u0103 \u00eentr-un limbaj accesibil deopotriv\u0103 speciali\u0219tilor \u0219i publicului larg, povestea medaliilor britanice devine un prilej \u0219i o surs\u0103 de cunoa\u0219tere a unui segment din patrimoniul nostru muzeal.<\/p>\n","protected":false},"excerpt":{"rendered":"<p>Pornind de la cercetarea a 110 medalii \u0219i decora\u021bii britanice aflate \u00een colec\u021bia Muzeului Na\u021bional de Istorie a Rom\u00e2niei, autoarea ne poart\u0103 prin aproape patru secole de istorie modern\u0103. \u00cendrept\u00e2ndu-ne&#8230;<\/p>\n","protected":false},"featured_media":4795,"template":"","meta":[],"product_brand":[],"product_cat":[123],"product_tag":[],"class_list":{"0":"post-4794","1":"product","2":"type-product","3":"status-publish","4":"has-post-thumbnail","6":"product_cat-catalog-de-colectie","8":"first","9":"instock","10":"shipping-taxable","11":"purchasable","12":"product-type-simple"},"_links":{"self":[{"href":"https:\/\/mnir.ro\/shop\/index.php\/wp-json\/wp\/v2\/product\/4794","targetHints":{"allow":["GET"]}}],"collection":[{"href":"https:\/\/mnir.ro\/shop\/index.php\/wp-json\/wp\/v2\/product"}],"about":[{"href":"https:\/\/mnir.ro\/shop\/index.php\/wp-json\/wp\/v2\/types\/product"}],"wp:featuredmedia":[{"embeddable":true,"href":"https:\/\/mnir.ro\/shop\/index.php\/wp-json\/wp\/v2\/media\/4795"}],"wp:attachment":[{"href":"https:\/\/mnir.ro\/shop\/index.php\/wp-json\/wp\/v2\/media?parent=4794"}],"wp:term":[{"taxonomy":"product_brand","embeddable":true,"href":"https:\/\/mnir.ro\/shop\/index.php\/wp-json\/wp\/v2\/product_brand?post=4794"},{"taxonomy":"product_cat","embeddable":true,"href":"https:\/\/mnir.ro\/shop\/index.php\/wp-json\/wp\/v2\/product_cat?post=4794"},{"taxonomy":"product_tag","embeddable":true,"href":"https:\/\/mnir.ro\/shop\/index.php\/wp-json\/wp\/v2\/product_tag?post=4794"}],"curies":[{"name":"wp","href":"https:\/\/api.w.org\/{rel}","templated":true}]}}