{"id":4790,"date":"2018-02-09T13:29:34","date_gmt":"2018-02-09T11:29:34","guid":{"rendered":"http:\/\/89.36.140.88\/~mnir\/shop\/?post_type=product&#038;p=4790"},"modified":"2018-02-09T13:29:34","modified_gmt":"2018-02-09T11:29:34","slug":"felix-terra-istorie-si-arta-ecleziastica-in-episcopia-romano-catolica-de-oradea","status":"publish","type":"product","link":"https:\/\/mnir.ro\/shop\/index.php\/produs\/felix-terra-istorie-si-arta-ecleziastica-in-episcopia-romano-catolica-de-oradea\/","title":{"rendered":"Felix Terra. Istorie \u0219i art\u0103 ecleziastic\u0103 \u00een Episcopia Romano-Catolic\u0103 de Oradea\u00a0\u00a0\u00a0"},"content":{"rendered":"<p><strong>\u00a0<\/strong><\/p>\n<p>Catalogul expozi\u021biei <em>Felix Terra. Istorie \u0219i art\u0103 ecleziastic\u0103 \u00een Episcopia Romano-Catolic\u0103 de Oradea<\/em>, prezent\u0103 istoria \u0219i mo\u0219tenirea cultural\u0103 a minorit\u0103\u021bilor din Rom\u00e2nia. Muzeul Na\u021bional de Istorie a Rom\u00e2niei, gazd\u0103 generoas\u0103 pentru astfel de manifest\u0103ri culturale, consider\u0103 c\u0103 aceste istorii \u0219i tradi\u021bii fac parte integrant\u0103 din istoria Rom\u00e2niei, promov\u00e2nd multiculturalitatea ca resort educativ, principal, pentru genera\u021bia actual\u0103 \u0219i pentru cea viitoare. Catalogul expozi\u021biei contribuie la o mai bun\u0103 cunoa\u0219tere a bog\u0103\u021biei \u0219i diversit\u0103\u021bii culturale a minorit\u0103\u021bilor, \u00eenlesnind o mai bun\u0103 \u00een\u021belegere \u00eentre majoritate \u0219i minorit\u0103\u021bi.<\/p>\n<p>Impresionanta colec\u021bie de istorie \u0219i art\u0103, a luat fiin\u021b\u0103 \u0219i s-a maturizat sub semnul sf\u00e2ntului protector al Oradei, Sf\u00e2ntul Rege Ladislau. Cu un puternic caracter unitar, colec\u021bia se integreaz\u0103 printre cele mai \u00eensemnate valori culturale europene, cu profunde semnifica\u021bii universale.<\/p>\n<p>Discursul expozi\u021bional al operelor f\u0103c\u00e2nd parte din domeniul artei liturgice, artei votive, a portretisticii, dar \u0219i al picturii ambientale \u0219i al obiectelor etnografice prezente \u00een expozi\u021bie, opere de o real\u0103 noble\u021be \u0219i splendoare, p\u0103strate \u00een Episcopia Romano-Catolice de Oradea, prezentate la finalul anului 2017, la Bucure\u0219ti, a fost \u00eentregit, sub aspect istoric, de participarea deosebit\u0103 a Muzeului Na\u021bional Maghiar, a Bibliotecii Na\u021bionale Sz\u00e9ch\u00e9nyi \u0219i a Arhivelor Na\u021bionale ale Ungariei, nu \u00een ultimul r\u00e2nd, prin contribu\u021bia Muzeul \u021a\u0103rii Cri\u0219urilor \u0219i a Muzeului Na\u021bional de Istorie a Rom\u00e2niei. Expozi\u021bia <em>Felix Terra. Istorie \u0219i art\u0103 ecleziastic\u0103 \u00een Episcopia Romano-Catolic\u0103 de Oradea<\/em>, a reu\u0219it s\u0103 valorifice colec\u021bia de art\u0103 sacr\u0103 a Episcopiei, una dintre cele mai bogate colec\u021bii de acest gen din Europa, avans\u00e2nd ideea contur\u0103rii importan\u021bei social culturale a regiunii istorice Oradea, \u00een mediul cultural european.<\/p>\n<p>Din perioad\u0103 medieval\u0103, p\u00e2n\u0103 \u00een epoc\u0103 modern\u0103, istoria catedralei romano-catolice se confund\u0103 cu istoria comunit\u0103\u021bii or\u0103dene, spiritualitatea bisericii, amprent\u00e2ndu-se asupra vie\u021bii citadine. Voca\u021bia pentru cultur\u0103 a ora\u0219ului va prinde contur \u0219i renume. Aceast\u0103 faim\u0103 a traversat trecerea timpului, iar locuitorii Oradiei nu \u0219i-au pierdut-o nici \u00een prezent!<\/p>\n","protected":false},"excerpt":{"rendered":"<p>\u00a0 Catalogul expozi\u021biei Felix Terra. Istorie \u0219i art\u0103 ecleziastic\u0103 \u00een Episcopia Romano-Catolic\u0103 de Oradea, prezent\u0103 istoria \u0219i mo\u0219tenirea cultural\u0103 a minorit\u0103\u021bilor din Rom\u00e2nia. Muzeul Na\u021bional de Istorie a Rom\u00e2niei, gazd\u0103&#8230;<\/p>\n","protected":false},"featured_media":4791,"template":"","meta":[],"product_brand":[],"product_cat":[123],"product_tag":[],"class_list":{"0":"post-4790","1":"product","2":"type-product","3":"status-publish","4":"has-post-thumbnail","6":"product_cat-catalog-de-colectie","8":"first","9":"instock","10":"shipping-taxable","11":"purchasable","12":"product-type-simple"},"_links":{"self":[{"href":"https:\/\/mnir.ro\/shop\/index.php\/wp-json\/wp\/v2\/product\/4790","targetHints":{"allow":["GET"]}}],"collection":[{"href":"https:\/\/mnir.ro\/shop\/index.php\/wp-json\/wp\/v2\/product"}],"about":[{"href":"https:\/\/mnir.ro\/shop\/index.php\/wp-json\/wp\/v2\/types\/product"}],"wp:featuredmedia":[{"embeddable":true,"href":"https:\/\/mnir.ro\/shop\/index.php\/wp-json\/wp\/v2\/media\/4791"}],"wp:attachment":[{"href":"https:\/\/mnir.ro\/shop\/index.php\/wp-json\/wp\/v2\/media?parent=4790"}],"wp:term":[{"taxonomy":"product_brand","embeddable":true,"href":"https:\/\/mnir.ro\/shop\/index.php\/wp-json\/wp\/v2\/product_brand?post=4790"},{"taxonomy":"product_cat","embeddable":true,"href":"https:\/\/mnir.ro\/shop\/index.php\/wp-json\/wp\/v2\/product_cat?post=4790"},{"taxonomy":"product_tag","embeddable":true,"href":"https:\/\/mnir.ro\/shop\/index.php\/wp-json\/wp\/v2\/product_tag?post=4790"}],"curies":[{"name":"wp","href":"https:\/\/api.w.org\/{rel}","templated":true}]}}