{"id":4757,"date":"2017-10-03T22:58:33","date_gmt":"2017-10-03T19:58:33","guid":{"rendered":"http:\/\/89.36.140.88\/~mnir\/shop\/?post_type=product&#038;p=4757"},"modified":"2022-04-19T15:02:43","modified_gmt":"2022-04-19T12:02:43","slug":"cercetari-arheologice-vol-xxiii","status":"publish","type":"product","link":"https:\/\/mnir.ro\/shop\/index.php\/produs\/cercetari-arheologice-vol-xxiii\/","title":{"rendered":"Cercet\u0103ri Arheologice, vol. XXIII"},"content":{"rendered":"<div>Cercet\u0103ri Arheologice, vol. XXIII<\/div>\n<div>Categoria: Anuar<\/div>\n<div>Nr. de pagini: 221<\/div>\n<div>An: 2016<\/div>\n<div>\n<p>&nbsp;<\/p>\n<p>Revista cuprinde un num\u0103r de 221 pagini \u0219i este deschis\u0103 de rubrica <em>Anniversaria<\/em>, urmat\u0103 de cinci sec\u021biuni: <em>Rapoarte Arheologice<\/em>, <em>Studii<\/em>, <em>Note<\/em>, <em>Cercetarea arheologic\u0103 din Muzeul Na\u021bional de Istorie a Rom\u00e2niei (2015-2016)<\/em> \u0219i un Necrolog.<\/p>\n<p>Rubrica aniversar\u0103 este dedicat\u0103 domnului Liviu Petculescu.<\/p>\n<p>Prima sec\u021biune cuprinde dou\u0103 rapoarte de s\u0103p\u0103tur\u0103 privind Programul de colaborare rom\u00e2no-francez de la H\u00e2r\u0219ova-tell, jud. Constan\u021ba. Campania 2016, \u0219i cercetarea arheologic\u0103 preventiv\u0103 de la \u0218ibot (jud. Alba).<\/p>\n<p>Cea de-a doua este format\u0103 din patru studii asupra cercet\u0103rilor de epoc\u0103 roman\u0103, anume cercet\u0103rile de la B\u0103neasa (jud. Teleorman) \u0219i Barbo\u0219i (jud. Gala\u021bi), a unei piese de os de la Capidava, apar\u021bin\u00e2nd aceleia\u0219i perioade \u0219i unul consacrat cahlelor medievale de la Curtea Domneasc\u0103 din Curtea de Arge\u0219.<\/p>\n<p>Cea de-a treia sec\u021biune \u2013 <em>Note <\/em>&#8211; \u00a0cuprinde considera\u021bii asupra c\u00e2torva replici ale tezaurului de la Pietroasa.<\/p>\n<p>Urmeaz\u0103 cea de-a patra sec\u021biune care cuprinde o analiz\u0103 a activit\u0103\u021bii Sec\u021biei de Arheologie Pre- \u0219i Protoistoric\u0103, Clasic\u0103, Medieval\u0103 \u0219i Preventiv\u0103 pentru anii 2015-2016.<\/p>\n<p>Necrologul este dedicat personalit\u0103\u021bii arheologului Gheorghe Dumitroaia.<\/p>\n<p>&nbsp;<\/p>\n<\/div>\n","protected":false},"excerpt":{"rendered":"<div>Cercet\u0103ri Arheologice, vol. XXIII<\/div>\n<div>Categoria: Anuar<\/div>\n<div>Nr. de pagini: 221<\/div>\n<div>An: 2016<\/div>\n<div><\/div>\n","protected":false},"featured_media":4770,"template":"","meta":[],"product_brand":[],"product_cat":[125],"product_tag":[],"class_list":{"0":"post-4757","1":"product","2":"type-product","3":"status-publish","4":"has-post-thumbnail","6":"product_cat-anuar","8":"first","9":"instock","10":"shipping-taxable","11":"purchasable","12":"product-type-simple"},"_links":{"self":[{"href":"https:\/\/mnir.ro\/shop\/index.php\/wp-json\/wp\/v2\/product\/4757","targetHints":{"allow":["GET"]}}],"collection":[{"href":"https:\/\/mnir.ro\/shop\/index.php\/wp-json\/wp\/v2\/product"}],"about":[{"href":"https:\/\/mnir.ro\/shop\/index.php\/wp-json\/wp\/v2\/types\/product"}],"wp:featuredmedia":[{"embeddable":true,"href":"https:\/\/mnir.ro\/shop\/index.php\/wp-json\/wp\/v2\/media\/4770"}],"wp:attachment":[{"href":"https:\/\/mnir.ro\/shop\/index.php\/wp-json\/wp\/v2\/media?parent=4757"}],"wp:term":[{"taxonomy":"product_brand","embeddable":true,"href":"https:\/\/mnir.ro\/shop\/index.php\/wp-json\/wp\/v2\/product_brand?post=4757"},{"taxonomy":"product_cat","embeddable":true,"href":"https:\/\/mnir.ro\/shop\/index.php\/wp-json\/wp\/v2\/product_cat?post=4757"},{"taxonomy":"product_tag","embeddable":true,"href":"https:\/\/mnir.ro\/shop\/index.php\/wp-json\/wp\/v2\/product_tag?post=4757"}],"curies":[{"name":"wp","href":"https:\/\/api.w.org\/{rel}","templated":true}]}}