{"id":4715,"date":"2017-07-15T05:40:03","date_gmt":"2017-07-15T02:40:03","guid":{"rendered":"http:\/\/89.36.140.88\/~mnir\/shop\/index.php\/produs\/independenta-romaniei-1877-2017-catalog-de-colectie-editie-bilingva-romana-engleza-2\/"},"modified":"2023-11-17T10:16:58","modified_gmt":"2023-11-17T08:16:58","slug":"independenta-romaniei-1877-2017-catalog-de-colectie-editie-bilingva-romana-engleza-2","status":"publish","type":"product","link":"https:\/\/mnir.ro\/shop\/index.php\/produs\/independenta-romaniei-1877-2017-catalog-de-colectie-editie-bilingva-romana-engleza-2\/","title":{"rendered":"Independen\u021ba Rom\u00e2niei. 1877 &#8211; 2017 \u2013 Catalog de colec\u021bie (edi\u021bie bilingv\u0103 rom\u00e2n\u0103 \u2013 englez\u0103)"},"content":{"rendered":"<p>Independen\u021ba Rom\u00e2niei. 1877 &#8211; 2017 \u2013 Catalog de colec\u021bie (edi\u021bie bilingv\u0103 rom\u00e2n\u0103 \u2013 englez\u0103)<br \/>\nNr. de pagini: 147<br \/>\nAn: 2017<\/p>\n<p><em>\u00a0<\/em><\/p>\n<p><em>\u00cen starea de rezbel, cu leg\u0103turile rupte, ce suntem? Suntem independen\u021bi; suntem na\u021biune de sine st\u0103t\u0103toare.<\/em><\/p>\n<p>Cuvintele rostite de Mihail Kog\u0103lniceanu, pe 9 mai 1877, au r\u0103mas pentru eternitate \u00eenscrise \u00een Cartea de Istorie a neamului rom\u00e2nesc. \u00cen toamna lui 1877 \u0219i iarna dintre 1877\/1878, bravii o\u0219teni rom\u00e2ni, \u201ec\u0103ciularii\u201d lua\u021bi de la coarnele plugului, \u0219i-au dovedit, \u00eenc\u0103 odat\u0103 (cum au f\u0103cut-o de at\u00e2tea ori \u00een trecut, \u0219i cum o vor face din nou, peste patru decenii) vitejia \u0219i spiritul de sacrificiu. Zece mii de rom\u00e2ni \u0219i-au v\u0103rsat s\u00e2ngele pentru \u021bara lor, pe c\u00e2mpurile de b\u0103t\u0103lie de la Plevna, Vidin, Sm\u00e2rdan&#8230; Solda\u021bilor, ofi\u021berilor, sanitarilor, comandan\u021bilor \u0219i tuturor celor care au contribuit la ob\u021binerea victoriei, le-am dedicat acest album, acum, la \u00eemplinirea a 140 de ani de la acest moment care a marcat decisiv destinul Rom\u00e2niei.<\/p>\n<p>Albumul con\u021bine imagini (fotografii, litografii, gravuri, picturi, c\u0103r\u021bi po\u0219tale) aflate \u00een patrimoniul Muzeului Na\u021bional de Istorie a Rom\u00e2niei, imagini care, fie sunt publicate acum pentru prima dat\u0103, fie sunt republicate dup\u0103 o foarte lung\u0103 perioad\u0103. Cititorii vor descoperi litografii \u0219i gravuri, multe dintre acestea publicate \u00een presa din Rom\u00e2nia \u0219i din str\u0103in\u0103tate (\u201eDoroban\u021bul\u201d, \u201eRezbelul\u201d, \u201eIllustrated London News\u201d), fotografii realizate Carol Popp de Szathmari, Franz Duschek dar \u0219i de fotografi mai pu\u021bin cunoscu\u021bi, a\u0219a cum sunt cele realizate \u00een studioul Piltz, din Turnu M\u0103gurele, h\u0103r\u021bi rom\u00e2ne\u0219ti \u0219i str\u0103ine reprezent\u00e2nd Balcanii \u00een perioada r\u0103zboiului, planuri ale opera\u021biunilor militare de la Plevna \u0219i Vidin, picturi semnate de mari arti\u0219ti, a\u0219a cum au fost Nicolae Grigorescu, \u0218tefan Luchian sau Sava Hen\u021bia.<\/p>\n<p>\u00cen imaginile publicate \u00een acest album vor fi \u201e\u00eent\u00e2lnite\u201d pesonalit\u0103\u021bi politice \u0219i militare ale istoriei Rom\u00e2niei (Carol I, Mihail Kog\u0103lniceanu, Ion C. Br\u0103tianu, Alexandru Cernat, Alexandru Averescu, Carol Davila) dar \u0219i personaje care, datorit\u0103 eroismului lor, au intrat \u00een legend\u0103 (Walter M\u0103r\u0103cineanu, George \u0218on\u021bu, Constantin \u021aurcanu, alias \u201ePene\u0219 Curcanul\u201d). \u00cens\u0103, la fel de interesante \u0219i de importante, sunt numeroasele imagini care \u00eei eprezint\u0103 pe eroii anonimi \u2013 solda\u021bi, ofi\u021beri, medici, infirmiere \u0219i surori de caritate, cei f\u0103r\u0103 de care ob\u021binerea independen\u021bei ar fi fost un deziderat foarte greu de atins.<\/p>\n<p>Albumul \u201eIndependen\u021ba Rom\u00e2niei 1877 \u2013 2017\u201d se \u00eenscrie \u00een seria publica\u021biilor prin care Muzeul Na\u021bional de Istorie a Rom\u00e2niei urm\u0103re\u0219te valorificarea bogatului s\u0103u patrimoniu \u0219i aducerea acestuia \u00een aten\u021bia publicului din \u021bar\u0103 \u0219i str\u0103in\u0103tate.<\/p>\n<p>&nbsp;<\/p>\n","protected":false},"excerpt":{"rendered":"<p>Independen\u021ba Rom\u00e2niei. 1877 &#8211; 2017 \u2013 Catalog de colec\u021bie (edi\u021bie bilingv\u0103 rom\u00e2n\u0103 \u2013 englez\u0103) Nr. de pagini: 147 An: 2017 \u00a0 \u00cen starea de rezbel, cu leg\u0103turile rupte, ce suntem?&#8230;<\/p>\n","protected":false},"featured_media":4724,"template":"","meta":[],"product_brand":[],"product_cat":[123],"product_tag":[],"class_list":{"0":"post-4715","1":"product","2":"type-product","3":"status-publish","4":"has-post-thumbnail","6":"product_cat-catalog-de-colectie","8":"first","9":"outofstock","10":"shipping-taxable","11":"purchasable","12":"product-type-simple"},"_links":{"self":[{"href":"https:\/\/mnir.ro\/shop\/index.php\/wp-json\/wp\/v2\/product\/4715","targetHints":{"allow":["GET"]}}],"collection":[{"href":"https:\/\/mnir.ro\/shop\/index.php\/wp-json\/wp\/v2\/product"}],"about":[{"href":"https:\/\/mnir.ro\/shop\/index.php\/wp-json\/wp\/v2\/types\/product"}],"wp:featuredmedia":[{"embeddable":true,"href":"https:\/\/mnir.ro\/shop\/index.php\/wp-json\/wp\/v2\/media\/4724"}],"wp:attachment":[{"href":"https:\/\/mnir.ro\/shop\/index.php\/wp-json\/wp\/v2\/media?parent=4715"}],"wp:term":[{"taxonomy":"product_brand","embeddable":true,"href":"https:\/\/mnir.ro\/shop\/index.php\/wp-json\/wp\/v2\/product_brand?post=4715"},{"taxonomy":"product_cat","embeddable":true,"href":"https:\/\/mnir.ro\/shop\/index.php\/wp-json\/wp\/v2\/product_cat?post=4715"},{"taxonomy":"product_tag","embeddable":true,"href":"https:\/\/mnir.ro\/shop\/index.php\/wp-json\/wp\/v2\/product_tag?post=4715"}],"curies":[{"name":"wp","href":"https:\/\/api.w.org\/{rel}","templated":true}]}}