{"id":4686,"date":"2017-02-08T11:35:04","date_gmt":"2017-02-08T09:35:04","guid":{"rendered":"http:\/\/89.36.140.88\/~mnir\/shop\/?post_type=product&#038;p=4686"},"modified":"2023-02-07T12:10:33","modified_gmt":"2023-02-07T10:10:33","slug":"capodopere-din-patrimoniul-muzeului-national-de-istorie-a-romaniei-2016","status":"publish","type":"product","link":"https:\/\/mnir.ro\/shop\/index.php\/produs\/capodopere-din-patrimoniul-muzeului-national-de-istorie-a-romaniei-2016\/","title":{"rendered":"Capodopere din patrimoniul Muzeului Na\u021bional de Istorie a Rom\u00e2niei 2016\/ Masterpieces from the Patrimony of the National History Museum of Romania 2016"},"content":{"rendered":"<p>Capodopere din patrimoniul Muzeului Na\u021bional de Istorie a Rom\u00e2niei \u2013 catalog de colec\u021bie (edi\u021bie bilingv\u0103 rom\u00e2n\u0103 \u2013 englez\u0103)<br \/>\nNr. de pagini: 124<br \/>\nAn: 2016<\/p>\n","protected":false},"excerpt":{"rendered":"<p>Capodopere din patrimoniul Muzeului Na\u021bional de Istorie a Rom\u00e2niei \u2013 catalog de colec\u021bie (edi\u021bie bilingv\u0103 rom\u00e2n\u0103 \u2013 englez\u0103) Nr. de pagini: 124 An: 2016<\/p>\n","protected":false},"featured_media":4687,"template":"","meta":[],"product_brand":[],"product_cat":[123],"product_tag":[],"class_list":{"0":"post-4686","1":"product","2":"type-product","3":"status-publish","4":"has-post-thumbnail","6":"product_cat-catalog-de-colectie","8":"first","9":"instock","10":"shipping-taxable","11":"purchasable","12":"product-type-simple"},"_links":{"self":[{"href":"https:\/\/mnir.ro\/shop\/index.php\/wp-json\/wp\/v2\/product\/4686","targetHints":{"allow":["GET"]}}],"collection":[{"href":"https:\/\/mnir.ro\/shop\/index.php\/wp-json\/wp\/v2\/product"}],"about":[{"href":"https:\/\/mnir.ro\/shop\/index.php\/wp-json\/wp\/v2\/types\/product"}],"wp:featuredmedia":[{"embeddable":true,"href":"https:\/\/mnir.ro\/shop\/index.php\/wp-json\/wp\/v2\/media\/4687"}],"wp:attachment":[{"href":"https:\/\/mnir.ro\/shop\/index.php\/wp-json\/wp\/v2\/media?parent=4686"}],"wp:term":[{"taxonomy":"product_brand","embeddable":true,"href":"https:\/\/mnir.ro\/shop\/index.php\/wp-json\/wp\/v2\/product_brand?post=4686"},{"taxonomy":"product_cat","embeddable":true,"href":"https:\/\/mnir.ro\/shop\/index.php\/wp-json\/wp\/v2\/product_cat?post=4686"},{"taxonomy":"product_tag","embeddable":true,"href":"https:\/\/mnir.ro\/shop\/index.php\/wp-json\/wp\/v2\/product_tag?post=4686"}],"curies":[{"name":"wp","href":"https:\/\/api.w.org\/{rel}","templated":true}]}}