{"id":4684,"date":"2017-02-08T11:29:53","date_gmt":"2017-02-08T09:29:53","guid":{"rendered":"http:\/\/89.36.140.88\/~mnir\/shop\/?post_type=product&#038;p=4684"},"modified":"2024-03-13T13:52:42","modified_gmt":"2024-03-13T11:52:42","slug":"dobrogea-oameni-si-locuri","status":"publish","type":"product","link":"https:\/\/mnir.ro\/shop\/index.php\/produs\/dobrogea-oameni-si-locuri\/","title":{"rendered":"Dobrogea. Locuri \u0219i oameni"},"content":{"rendered":"<p>Dobrogea. Locuri \u0219i oameni (edi\u021bie bilingv\u0103 rom\u00e2n\u0103 \u2013 englez\u0103)<br \/>\nNr. de pagini: 162<br \/>\nAn: 2016<\/p>\n","protected":false},"excerpt":{"rendered":"<p>Dobrogea. Locuri \u0219i oameni (edi\u021bie bilingv\u0103 rom\u00e2n\u0103 \u2013 englez\u0103) Nr. de pagini: 162 An: 2016<\/p>\n","protected":false},"featured_media":4685,"template":"","meta":[],"product_brand":[],"product_cat":[28],"product_tag":[],"class_list":{"0":"post-4684","1":"product","2":"type-product","3":"status-publish","4":"has-post-thumbnail","6":"product_cat-album","8":"first","9":"outofstock","10":"shipping-taxable","11":"purchasable","12":"product-type-simple"},"_links":{"self":[{"href":"https:\/\/mnir.ro\/shop\/index.php\/wp-json\/wp\/v2\/product\/4684","targetHints":{"allow":["GET"]}}],"collection":[{"href":"https:\/\/mnir.ro\/shop\/index.php\/wp-json\/wp\/v2\/product"}],"about":[{"href":"https:\/\/mnir.ro\/shop\/index.php\/wp-json\/wp\/v2\/types\/product"}],"wp:featuredmedia":[{"embeddable":true,"href":"https:\/\/mnir.ro\/shop\/index.php\/wp-json\/wp\/v2\/media\/4685"}],"wp:attachment":[{"href":"https:\/\/mnir.ro\/shop\/index.php\/wp-json\/wp\/v2\/media?parent=4684"}],"wp:term":[{"taxonomy":"product_brand","embeddable":true,"href":"https:\/\/mnir.ro\/shop\/index.php\/wp-json\/wp\/v2\/product_brand?post=4684"},{"taxonomy":"product_cat","embeddable":true,"href":"https:\/\/mnir.ro\/shop\/index.php\/wp-json\/wp\/v2\/product_cat?post=4684"},{"taxonomy":"product_tag","embeddable":true,"href":"https:\/\/mnir.ro\/shop\/index.php\/wp-json\/wp\/v2\/product_tag?post=4684"}],"curies":[{"name":"wp","href":"https:\/\/api.w.org\/{rel}","templated":true}]}}