{"id":4665,"date":"2017-01-12T09:32:42","date_gmt":"2017-01-12T07:32:42","guid":{"rendered":"http:\/\/89.36.140.88\/~mnir\/shop\/?post_type=product&#038;p=4665"},"modified":"2022-09-01T10:53:26","modified_gmt":"2022-09-01T07:53:26","slug":"onoarea-natiunilor-ordine-si-decoratii-romanesti-din-patrimoniul-muzeului-national-de-istorie-a-romaniei-volumul-ii","status":"publish","type":"product","link":"https:\/\/mnir.ro\/shop\/index.php\/produs\/onoarea-natiunilor-ordine-si-decoratii-romanesti-din-patrimoniul-muzeului-national-de-istorie-a-romaniei-volumul-ii\/","title":{"rendered":"Onoarea Na\u021biunilor. Ordine \u0219i decora\u021bii rom\u00e2ne\u0219ti din patrimoniul Muzeului Na\u021bional de Istorie a Rom\u00e2niei. Volumul II"},"content":{"rendered":"<p>Onoarea Na\u021biunilor. Ordine \u0219i decora\u021bii din patrimoniul Muzeului Na\u021bional de Istorie a Rom\u00e2niei<\/p>\n<p>Volumul II &#8211; Tudor Alexandru Martin, Katiu\u0219a P\u00e2rvan, C\u0103t\u0103lina Opaschi.<br \/>\nNr. de pagini: 270<br \/>\nAn: 2016<\/p>\n<h2 style=\"text-align: center\"><strong><em>R\u0102SFOIE\u0218TE ALBUMUL<\/em><\/strong><\/h2>\n<p style=\"text-align: center\"><div class=\"_df_book df-lite\" id=\"df_5205\"  _slug=\"onoarea-nasiunilor-vol-ii\" data-title=\"onoarea-nasiunilor-vol-ii\" wpoptions=\"true\" thumb=\"https:\/\/mnir.ro\/shop\/wp-content\/uploads\/2020\/09\/Semnatura_0001-MODIF.jpg\" thumbtype=\"\" ><\/div><script class=\"df-shortcode-script\" nowprocket type=\"application\/javascript\">window.option_df_5205 = {\"webgl\":\"true\",\"outline\":[],\"height\":\"auto\",\"autoEnableOutline\":\"false\",\"autoEnableThumbnail\":\"false\",\"overwritePDFOutline\":\"false\",\"direction\":\"1\",\"pageMode\":\"0\",\"source\":[\"https:\\\/\\\/mnir.ro\\\/shop\\\/wp-content\\\/uploads\\\/2020\\\/09\\\/Semnatura_0001-MODIF.jpg\",\"https:\\\/\\\/mnir.ro\\\/shop\\\/wp-content\\\/uploads\\\/2020\\\/09\\\/Semnatura_0003.jpg\",\"https:\\\/\\\/mnir.ro\\\/shop\\\/wp-content\\\/uploads\\\/2020\\\/09\\\/Semnatura_0004.jpg\",\"https:\\\/\\\/mnir.ro\\\/shop\\\/wp-content\\\/uploads\\\/2020\\\/09\\\/Semnatura_0005.jpg\",\"https:\\\/\\\/mnir.ro\\\/shop\\\/wp-content\\\/uploads\\\/2020\\\/09\\\/Semnatura_0006.jpg\",\"https:\\\/\\\/mnir.ro\\\/shop\\\/wp-content\\\/uploads\\\/2020\\\/09\\\/Semnatura_0007.jpg\",\"https:\\\/\\\/mnir.ro\\\/shop\\\/wp-content\\\/uploads\\\/2020\\\/09\\\/Semnatura_0008.jpg\",\"https:\\\/\\\/mnir.ro\\\/shop\\\/wp-content\\\/uploads\\\/2020\\\/09\\\/Semnatura_0009.jpg\",\"https:\\\/\\\/mnir.ro\\\/shop\\\/wp-content\\\/uploads\\\/2020\\\/09\\\/Semnatura_0010.jpg\",\"https:\\\/\\\/mnir.ro\\\/shop\\\/wp-content\\\/uploads\\\/2020\\\/09\\\/Semnatura_0011.jpg\"],\"wpOptions\":\"true\",\"links\":[[],[],[],[],[],[],[],[],[],[],[]]}; if(window.DFLIP && window.DFLIP.parseBooks){window.DFLIP.parseBooks();}<\/script>\n","protected":false},"excerpt":{"rendered":"<p>Onoarea Na\u021biunilor. Ordine \u0219i decora\u021bii din patrimoniul Muzeului Na\u021bional de Istorie a Rom\u00e2niei Volumul II &#8211; Tudor Alexandru Martin, Katiu\u0219a P\u00e2rvan, C\u0103t\u0103lina Opaschi. Nr. de pagini: 270 An: 2016 R\u0102SFOIE\u0218TE&#8230;<\/p>\n","protected":false},"featured_media":4666,"template":"","meta":[],"product_brand":[],"product_cat":[123],"product_tag":[],"class_list":{"0":"post-4665","1":"product","2":"type-product","3":"status-publish","4":"has-post-thumbnail","6":"product_cat-catalog-de-colectie","8":"first","9":"outofstock","10":"shipping-taxable","11":"purchasable","12":"product-type-simple"},"_links":{"self":[{"href":"https:\/\/mnir.ro\/shop\/index.php\/wp-json\/wp\/v2\/product\/4665","targetHints":{"allow":["GET"]}}],"collection":[{"href":"https:\/\/mnir.ro\/shop\/index.php\/wp-json\/wp\/v2\/product"}],"about":[{"href":"https:\/\/mnir.ro\/shop\/index.php\/wp-json\/wp\/v2\/types\/product"}],"wp:featuredmedia":[{"embeddable":true,"href":"https:\/\/mnir.ro\/shop\/index.php\/wp-json\/wp\/v2\/media\/4666"}],"wp:attachment":[{"href":"https:\/\/mnir.ro\/shop\/index.php\/wp-json\/wp\/v2\/media?parent=4665"}],"wp:term":[{"taxonomy":"product_brand","embeddable":true,"href":"https:\/\/mnir.ro\/shop\/index.php\/wp-json\/wp\/v2\/product_brand?post=4665"},{"taxonomy":"product_cat","embeddable":true,"href":"https:\/\/mnir.ro\/shop\/index.php\/wp-json\/wp\/v2\/product_cat?post=4665"},{"taxonomy":"product_tag","embeddable":true,"href":"https:\/\/mnir.ro\/shop\/index.php\/wp-json\/wp\/v2\/product_tag?post=4665"}],"curies":[{"name":"wp","href":"https:\/\/api.w.org\/{rel}","templated":true}]}}