{"id":4345,"date":"2016-01-07T12:34:47","date_gmt":"2016-01-07T10:34:47","guid":{"rendered":"http:\/\/89.36.140.88\/~mnir\/shop\/?post_type=product&#038;p=4345"},"modified":"2026-03-11T13:16:52","modified_gmt":"2026-03-11T11:16:52","slug":"orasele-tarii-romanesti","status":"publish","type":"product","link":"https:\/\/mnir.ro\/shop\/index.php\/produs\/orasele-tarii-romanesti\/","title":{"rendered":"Ora\u0219ele \u021a\u0103rii Rom\u00e2ne\u0219ti"},"content":{"rendered":"<p>Ora\u0219ele \u021a\u0103rii Rom\u00e2ne\u0219ti &#8211; catalog de colec\u021bie\u00a0(edi\u021bie bilingv\u0103 rom\u00e2n\u0103 &#8211; englez\u0103)<\/p>\n<p>Nr. de pagini: 165<br \/>\nAn: 2015<\/p>\n","protected":false},"excerpt":{"rendered":"<p>Ora\u0219ele \u021a\u0103rii Rom\u00e2ne\u0219ti &#8211; catalog de colec\u021bie\u00a0(edi\u021bie bilingv\u0103 rom\u00e2n\u0103 &#8211; englez\u0103) Nr. de pagini: 165 An: 2015<\/p>\n","protected":false},"featured_media":4346,"template":"","meta":[],"product_brand":[],"product_cat":[123],"product_tag":[],"class_list":{"0":"post-4345","1":"product","2":"type-product","3":"status-publish","4":"has-post-thumbnail","6":"product_cat-catalog-de-colectie","8":"first","9":"outofstock","10":"shipping-taxable","11":"purchasable","12":"product-type-simple"},"_links":{"self":[{"href":"https:\/\/mnir.ro\/shop\/index.php\/wp-json\/wp\/v2\/product\/4345","targetHints":{"allow":["GET"]}}],"collection":[{"href":"https:\/\/mnir.ro\/shop\/index.php\/wp-json\/wp\/v2\/product"}],"about":[{"href":"https:\/\/mnir.ro\/shop\/index.php\/wp-json\/wp\/v2\/types\/product"}],"wp:featuredmedia":[{"embeddable":true,"href":"https:\/\/mnir.ro\/shop\/index.php\/wp-json\/wp\/v2\/media\/4346"}],"wp:attachment":[{"href":"https:\/\/mnir.ro\/shop\/index.php\/wp-json\/wp\/v2\/media?parent=4345"}],"wp:term":[{"taxonomy":"product_brand","embeddable":true,"href":"https:\/\/mnir.ro\/shop\/index.php\/wp-json\/wp\/v2\/product_brand?post=4345"},{"taxonomy":"product_cat","embeddable":true,"href":"https:\/\/mnir.ro\/shop\/index.php\/wp-json\/wp\/v2\/product_cat?post=4345"},{"taxonomy":"product_tag","embeddable":true,"href":"https:\/\/mnir.ro\/shop\/index.php\/wp-json\/wp\/v2\/product_tag?post=4345"}],"curies":[{"name":"wp","href":"https:\/\/api.w.org\/{rel}","templated":true}]}}