{"id":4343,"date":"2016-01-07T12:31:11","date_gmt":"2016-01-07T10:31:11","guid":{"rendered":"http:\/\/89.36.140.88\/~mnir\/shop\/?post_type=product&#038;p=4343"},"modified":"2024-11-22T11:35:49","modified_gmt":"2024-11-22T09:35:49","slug":"povestea-lazilor-sasesti-din-transilvania","status":"publish","type":"product","link":"https:\/\/mnir.ro\/shop\/index.php\/produs\/povestea-lazilor-sasesti-din-transilvania\/","title":{"rendered":"Povestea l\u0103zilor s\u0103se\u0219ti din Transilvania"},"content":{"rendered":"<p>Povestea l\u0103zilor s\u0103se\u0219ti din Transilvania &#8211; catalog de expozi\u021bie\u00a0(edi\u021bie bilingv\u0103 rom\u00e2n\u0103 &#8211; englez\u0103)<\/p>\n<p>Nr. de pagini: 47<br \/>\nAn: 2015<\/p>\n","protected":false},"excerpt":{"rendered":"<p>Povestea l\u0103zilor s\u0103se\u0219ti din Transilvania &#8211; catalog de expozi\u021bie\u00a0(edi\u021bie bilingv\u0103 rom\u00e2n\u0103 &#8211; englez\u0103) Nr. de pagini: 47 An: 2015<\/p>\n","protected":false},"featured_media":4344,"template":"","meta":[],"product_brand":[],"product_cat":[27],"product_tag":[],"class_list":{"0":"post-4343","1":"product","2":"type-product","3":"status-publish","4":"has-post-thumbnail","6":"product_cat-catalog-expozitie","8":"first","9":"outofstock","10":"shipping-taxable","11":"purchasable","12":"product-type-simple"},"_links":{"self":[{"href":"https:\/\/mnir.ro\/shop\/index.php\/wp-json\/wp\/v2\/product\/4343","targetHints":{"allow":["GET"]}}],"collection":[{"href":"https:\/\/mnir.ro\/shop\/index.php\/wp-json\/wp\/v2\/product"}],"about":[{"href":"https:\/\/mnir.ro\/shop\/index.php\/wp-json\/wp\/v2\/types\/product"}],"wp:featuredmedia":[{"embeddable":true,"href":"https:\/\/mnir.ro\/shop\/index.php\/wp-json\/wp\/v2\/media\/4344"}],"wp:attachment":[{"href":"https:\/\/mnir.ro\/shop\/index.php\/wp-json\/wp\/v2\/media?parent=4343"}],"wp:term":[{"taxonomy":"product_brand","embeddable":true,"href":"https:\/\/mnir.ro\/shop\/index.php\/wp-json\/wp\/v2\/product_brand?post=4343"},{"taxonomy":"product_cat","embeddable":true,"href":"https:\/\/mnir.ro\/shop\/index.php\/wp-json\/wp\/v2\/product_cat?post=4343"},{"taxonomy":"product_tag","embeddable":true,"href":"https:\/\/mnir.ro\/shop\/index.php\/wp-json\/wp\/v2\/product_tag?post=4343"}],"curies":[{"name":"wp","href":"https:\/\/api.w.org\/{rel}","templated":true}]}}