{"id":4338,"date":"2016-01-07T12:20:12","date_gmt":"2016-01-07T10:20:12","guid":{"rendered":"http:\/\/89.36.140.88\/~mnir\/shop\/?post_type=product&#038;p=4338"},"modified":"2023-02-07T12:09:18","modified_gmt":"2023-02-07T10:09:18","slug":"capodopere-din-patrimoniul-muzeului-national-de-istorie-a-romaniei-4","status":"publish","type":"product","link":"https:\/\/mnir.ro\/shop\/index.php\/produs\/capodopere-din-patrimoniul-muzeului-national-de-istorie-a-romaniei-4\/","title":{"rendered":"Capodopere din patrimoniul Muzeului Na\u021bional de Istorie a Rom\u00e2niei 2015\/ Masterpieces from the Patrimony of the National History Museum of Romania 2015"},"content":{"rendered":"<p>Capodopere din patrimoniul Muzeului Na\u021bional de Istorie a Rom\u00e2niei &#8211; catalog de colec\u021bie (edi\u021bie bilingv\u0103 rom\u00e2n\u0103 &#8211; englez\u0103)<br \/>\nNr. de pagini: 127<br \/>\nAn: 2015<\/p>\n","protected":false},"excerpt":{"rendered":"<p>Capodopere din patrimoniul Muzeului Na\u021bional de Istorie a Rom\u00e2niei &#8211; catalog de colec\u021bie (edi\u021bie bilingv\u0103 rom\u00e2n\u0103 &#8211; englez\u0103) Nr. de pagini: 127 An: 2015<\/p>\n","protected":false},"featured_media":4340,"template":"","meta":[],"product_brand":[],"product_cat":[123],"product_tag":[],"class_list":{"0":"post-4338","1":"product","2":"type-product","3":"status-publish","4":"has-post-thumbnail","6":"product_cat-catalog-de-colectie","8":"first","9":"instock","10":"shipping-taxable","11":"purchasable","12":"product-type-simple"},"_links":{"self":[{"href":"https:\/\/mnir.ro\/shop\/index.php\/wp-json\/wp\/v2\/product\/4338","targetHints":{"allow":["GET"]}}],"collection":[{"href":"https:\/\/mnir.ro\/shop\/index.php\/wp-json\/wp\/v2\/product"}],"about":[{"href":"https:\/\/mnir.ro\/shop\/index.php\/wp-json\/wp\/v2\/types\/product"}],"wp:featuredmedia":[{"embeddable":true,"href":"https:\/\/mnir.ro\/shop\/index.php\/wp-json\/wp\/v2\/media\/4340"}],"wp:attachment":[{"href":"https:\/\/mnir.ro\/shop\/index.php\/wp-json\/wp\/v2\/media?parent=4338"}],"wp:term":[{"taxonomy":"product_brand","embeddable":true,"href":"https:\/\/mnir.ro\/shop\/index.php\/wp-json\/wp\/v2\/product_brand?post=4338"},{"taxonomy":"product_cat","embeddable":true,"href":"https:\/\/mnir.ro\/shop\/index.php\/wp-json\/wp\/v2\/product_cat?post=4338"},{"taxonomy":"product_tag","embeddable":true,"href":"https:\/\/mnir.ro\/shop\/index.php\/wp-json\/wp\/v2\/product_tag?post=4338"}],"curies":[{"name":"wp","href":"https:\/\/api.w.org\/{rel}","templated":true}]}}