{"id":4132,"date":"2015-09-27T17:18:19","date_gmt":"2015-09-27T14:18:19","guid":{"rendered":"http:\/\/89.36.140.88\/~mnir\/shop\/?post_type=product&#038;p=4132"},"modified":"2017-01-05T15:52:52","modified_gmt":"2017-01-05T13:52:52","slug":"arheozoologia-neo-eneoliticului-de-pe-valea-teleormanului","status":"publish","type":"product","link":"https:\/\/mnir.ro\/shop\/index.php\/produs\/arheozoologia-neo-eneoliticului-de-pe-valea-teleormanului\/","title":{"rendered":"Arheozoologia neo-eneoliticului de pe Valea Teleormanului"},"content":{"rendered":"<p>Arheozoologia neo-eneoliticului de pe Valea Teleormanului &#8211; Adrian B\u0103l\u0103\u015fescu<br \/>\nNr. de pagini:\u00a0214<br \/>\nAn: 2014<\/p>\n","protected":false},"excerpt":{"rendered":"<p>Arheozoologia neo-eneoliticului de pe Valea Teleormanului &#8211; Adrian B\u0103l\u0103\u015fescu Nr. de pagini:\u00a0214 An: 2014<\/p>\n","protected":false},"featured_media":4173,"template":"","meta":[],"product_brand":[],"product_cat":[39],"product_tag":[],"class_list":{"0":"post-4132","1":"product","2":"type-product","3":"status-publish","4":"has-post-thumbnail","6":"product_cat-carte","8":"first","9":"outofstock","10":"shipping-taxable","11":"purchasable","12":"product-type-simple"},"_links":{"self":[{"href":"https:\/\/mnir.ro\/shop\/index.php\/wp-json\/wp\/v2\/product\/4132","targetHints":{"allow":["GET"]}}],"collection":[{"href":"https:\/\/mnir.ro\/shop\/index.php\/wp-json\/wp\/v2\/product"}],"about":[{"href":"https:\/\/mnir.ro\/shop\/index.php\/wp-json\/wp\/v2\/types\/product"}],"wp:featuredmedia":[{"embeddable":true,"href":"https:\/\/mnir.ro\/shop\/index.php\/wp-json\/wp\/v2\/media\/4173"}],"wp:attachment":[{"href":"https:\/\/mnir.ro\/shop\/index.php\/wp-json\/wp\/v2\/media?parent=4132"}],"wp:term":[{"taxonomy":"product_brand","embeddable":true,"href":"https:\/\/mnir.ro\/shop\/index.php\/wp-json\/wp\/v2\/product_brand?post=4132"},{"taxonomy":"product_cat","embeddable":true,"href":"https:\/\/mnir.ro\/shop\/index.php\/wp-json\/wp\/v2\/product_cat?post=4132"},{"taxonomy":"product_tag","embeddable":true,"href":"https:\/\/mnir.ro\/shop\/index.php\/wp-json\/wp\/v2\/product_tag?post=4132"}],"curies":[{"name":"wp","href":"https:\/\/api.w.org\/{rel}","templated":true}]}}