{"id":4131,"date":"2015-09-27T17:16:45","date_gmt":"2015-09-27T14:16:45","guid":{"rendered":"http:\/\/89.36.140.88\/~mnir\/shop\/?post_type=product&#038;p=4131"},"modified":"2022-04-21T10:30:27","modified_gmt":"2022-04-21T07:30:27","slug":"arme-din-colectia-muzeului-national-de-istorie-a-romaniei","status":"publish","type":"product","link":"https:\/\/mnir.ro\/shop\/index.php\/produs\/arme-din-colectia-muzeului-national-de-istorie-a-romaniei\/","title":{"rendered":"Arme din colec\u0163ia Muzeului Na\u0163ional de Istorie a Rom\u00e2niei"},"content":{"rendered":"<p>Arme din colec\u0163ia Muzeului Na\u0163ional de Istorie a Rom\u00e2niei &#8211; catalog de expozi\u021bie (edi\u021bie bilingv\u0103 rom\u00e2n\u0103 &#8211; englez\u0103)<br \/>\nNr. de pagini:\u00a0128<br \/>\nAn: 2014<\/p>\n","protected":false},"excerpt":{"rendered":"<p>Arme din colec\u0163ia Muzeului Na\u0163ional de Istorie a Rom\u00e2niei &#8211; catalog de expozi\u021bie (edi\u021bie bilingv\u0103 rom\u00e2n\u0103 &#8211; englez\u0103) Nr. de pagini:\u00a0128 An: 2014<\/p>\n","protected":false},"featured_media":4178,"template":"","meta":[],"product_brand":[],"product_cat":[27],"product_tag":[],"class_list":{"0":"post-4131","1":"product","2":"type-product","3":"status-publish","4":"has-post-thumbnail","6":"product_cat-catalog-expozitie","8":"first","9":"instock","10":"shipping-taxable","11":"purchasable","12":"product-type-simple"},"_links":{"self":[{"href":"https:\/\/mnir.ro\/shop\/index.php\/wp-json\/wp\/v2\/product\/4131","targetHints":{"allow":["GET"]}}],"collection":[{"href":"https:\/\/mnir.ro\/shop\/index.php\/wp-json\/wp\/v2\/product"}],"about":[{"href":"https:\/\/mnir.ro\/shop\/index.php\/wp-json\/wp\/v2\/types\/product"}],"wp:featuredmedia":[{"embeddable":true,"href":"https:\/\/mnir.ro\/shop\/index.php\/wp-json\/wp\/v2\/media\/4178"}],"wp:attachment":[{"href":"https:\/\/mnir.ro\/shop\/index.php\/wp-json\/wp\/v2\/media?parent=4131"}],"wp:term":[{"taxonomy":"product_brand","embeddable":true,"href":"https:\/\/mnir.ro\/shop\/index.php\/wp-json\/wp\/v2\/product_brand?post=4131"},{"taxonomy":"product_cat","embeddable":true,"href":"https:\/\/mnir.ro\/shop\/index.php\/wp-json\/wp\/v2\/product_cat?post=4131"},{"taxonomy":"product_tag","embeddable":true,"href":"https:\/\/mnir.ro\/shop\/index.php\/wp-json\/wp\/v2\/product_tag?post=4131"}],"curies":[{"name":"wp","href":"https:\/\/api.w.org\/{rel}","templated":true}]}}