{"id":4130,"date":"2015-09-27T17:15:37","date_gmt":"2015-09-27T14:15:37","guid":{"rendered":"http:\/\/89.36.140.88\/~mnir\/shop\/?post_type=product&#038;p=4130"},"modified":"2020-06-09T14:03:29","modified_gmt":"2020-06-09T11:03:29","slug":"aurul-si-argintul-antic-al-romaniei","status":"publish","type":"product","link":"https:\/\/mnir.ro\/shop\/index.php\/produs\/aurul-si-argintul-antic-al-romaniei\/","title":{"rendered":"Aurul \u0219i argintul antic al Rom\u00e2niei"},"content":{"rendered":"<p><strong>Aurul \u0219i Argintul Antic al Rom\u00e2niei. Catalog de expozi\u021bie<\/strong><\/p>\n<p>(editor: Rodica Oan\u021b\u0103-Marghitu)<\/p>\n<p>&nbsp;<\/p>\n<p>Organizat\u0103 la ini\u021biativa Muzeului Na\u021bional de Istorie a Rom\u00e2niei din Bucure\u0219ti, expozi\u021bia <em>Aurul \u0219i argintul antic al Rom\u00e2niei <\/em>a reunit peste 1000 de piese arheologice din metale pre\u021bioase, toate descoperite pe teritoriul Rom\u00e2niei. Acoperind o perioad\u0103 cuprins\u0103 \u00eentre Eneolitic \u0219i Antichitatea T\u00e2rzie, din mileniul al V-lea a.Chr. p\u00e2n\u0103 \u00een secolul al VII-lea p.Chr. O parte din artefactele prezentate au provenit din patrimoniul expozi\u021biei Tezaur Istoric a Muzeului Na\u021bional de Istorie a Rom\u00e2niei \u0219i peste 800 de obiecte au fost selectate din patrimoniul a 31 de muzee de arheologie \u0219i de istorie din \u021bar\u0103, parteneri genero\u0219i \u00een acest proiect. Din decembrie 2013 \u0219i p\u00e2n\u0103 \u00een ianuarie 2019 expozi\u021bia \u201eAurul \u0219i argintul antic al Rom\u00e2niei\u201d a fost g\u0103zduit\u0103 de 20 de muzee fiind montat\u0103 mai \u00eent\u00e2i la Bucure\u0219ti \u0219i apoi itinerat\u0103 \u00een 17 ora\u0219e din Rom\u00e2nia \u0219i \u00een dou\u0103 din Ungaria.<\/p>\n<p>Volumul de fa\u021b\u0103 este structurat \u00een dou\u0103 p\u0103r\u021bi \u2013 una de prezentare a obiectelor din metal pre\u021bios \u00een diferite epoci \u0219i perioade (Eneolitic, Epoca Bronzului, Epoca Fierului, Epoca Roman\u0103, Antichitatea T\u00e2rzie \u0219i Evul Mediu Timpuriu), alta, catalogul propriu-zis, cu descrierea tuturor pieselor prezente \u00een expozi\u021bie \u0219i a contextelor \u00een care au fost descoperite. Diversele contribu\u021bii din volum au \u00eencercat s\u0103 surprind\u0103 dimensiunea biografic\u0103 a obiectelor, de la sursa materialului, diversitatea tehnicilor de prelucrare, func\u021bii \u0219i semnifica\u021bii, participarea la stabilirea de rela\u021bii la mare distan\u021b\u0103, p\u00e2n\u0103 la momentul renun\u021b\u0103rii, al scoaterii din uz, al depunerii sau al includerii \u00een practicile funerare. Catalogul reprezint\u0103 o \u00eencercare de repunere a obiectelor \u00een contextele din trecut, de a surprinde diferen\u021bele dintre epoci prin intermediul metalului pre\u021bios, de a prezenta universul material din care acestea f\u0103ceau parte.<\/p>\n<p><a href=\"https:\/\/mnir.ro\/shop\/index.php\/produs\/the-ancient-gold-and-silver-of-romania\/\"><strong>The Ancient Gold and Silver of Romania. Exhibition catalogue<\/strong><\/a><\/p>\n<p>&nbsp;<\/p>\n","protected":false},"excerpt":{"rendered":"<p>Aurul \u0219i Argintul Antic al Rom\u00e2niei. Catalog de expozi\u021bie (editor: Rodica Oan\u021b\u0103-Marghitu) &nbsp; Organizat\u0103 la ini\u021biativa Muzeului Na\u021bional de Istorie a Rom\u00e2niei din Bucure\u0219ti, expozi\u021bia Aurul \u0219i argintul antic al&#8230;<\/p>\n","protected":false},"featured_media":4179,"template":"","meta":[],"product_brand":[],"product_cat":[27],"product_tag":[],"class_list":{"0":"post-4130","1":"product","2":"type-product","3":"status-publish","4":"has-post-thumbnail","6":"product_cat-catalog-expozitie","8":"first","9":"instock","10":"shipping-taxable","11":"purchasable","12":"product-type-simple"},"_links":{"self":[{"href":"https:\/\/mnir.ro\/shop\/index.php\/wp-json\/wp\/v2\/product\/4130","targetHints":{"allow":["GET"]}}],"collection":[{"href":"https:\/\/mnir.ro\/shop\/index.php\/wp-json\/wp\/v2\/product"}],"about":[{"href":"https:\/\/mnir.ro\/shop\/index.php\/wp-json\/wp\/v2\/types\/product"}],"wp:featuredmedia":[{"embeddable":true,"href":"https:\/\/mnir.ro\/shop\/index.php\/wp-json\/wp\/v2\/media\/4179"}],"wp:attachment":[{"href":"https:\/\/mnir.ro\/shop\/index.php\/wp-json\/wp\/v2\/media?parent=4130"}],"wp:term":[{"taxonomy":"product_brand","embeddable":true,"href":"https:\/\/mnir.ro\/shop\/index.php\/wp-json\/wp\/v2\/product_brand?post=4130"},{"taxonomy":"product_cat","embeddable":true,"href":"https:\/\/mnir.ro\/shop\/index.php\/wp-json\/wp\/v2\/product_cat?post=4130"},{"taxonomy":"product_tag","embeddable":true,"href":"https:\/\/mnir.ro\/shop\/index.php\/wp-json\/wp\/v2\/product_tag?post=4130"}],"curies":[{"name":"wp","href":"https:\/\/api.w.org\/{rel}","templated":true}]}}