{"id":4127,"date":"2015-09-27T17:12:00","date_gmt":"2015-09-27T14:12:00","guid":{"rendered":"http:\/\/89.36.140.88\/~mnir\/shop\/?post_type=product&#038;p=4127"},"modified":"2020-02-20T15:15:12","modified_gmt":"2020-02-20T13:15:12","slug":"civilizatia-geto-dacica-i-arme-si-echipamente-din-patrimoniul-muzeului-national-de-istorie-a-romaniei","status":"publish","type":"product","link":"https:\/\/mnir.ro\/shop\/index.php\/produs\/civilizatia-geto-dacica-i-arme-si-echipamente-din-patrimoniul-muzeului-national-de-istorie-a-romaniei\/","title":{"rendered":"Civiliza\u0163ia geto-dacic\u0103 (I). Arme \u015fi echipamente din patrimoniul Muzeului Na\u0163ional de Istorie a Rom\u00e2niei"},"content":{"rendered":"<p>Civiliza\u0163ia geto-dacic\u0103 (I). Arme \u015fi echipamente din patrimoniul Muzeului Na\u0163ional de Istorie a Rom\u00e2niei\u00a0&#8211; catalog de colec\u021bie<br \/>\nNr. de pagini:\u00a0104<br \/>\nAn: 2014<\/p>\n","protected":false},"excerpt":{"rendered":"<p>Civiliza\u0163ia geto-dacic\u0103 (I). Arme \u015fi echipamente din patrimoniul Muzeului Na\u0163ional de Istorie a Rom\u00e2niei\u00a0&#8211; catalog de colec\u021bie Nr. de pagini:\u00a0104 An: 2014<\/p>\n","protected":false},"featured_media":4202,"template":"","meta":[],"product_brand":[],"product_cat":[123],"product_tag":[],"class_list":{"0":"post-4127","1":"product","2":"type-product","3":"status-publish","4":"has-post-thumbnail","6":"product_cat-catalog-de-colectie","8":"first","9":"outofstock","10":"shipping-taxable","11":"purchasable","12":"product-type-simple"},"_links":{"self":[{"href":"https:\/\/mnir.ro\/shop\/index.php\/wp-json\/wp\/v2\/product\/4127","targetHints":{"allow":["GET"]}}],"collection":[{"href":"https:\/\/mnir.ro\/shop\/index.php\/wp-json\/wp\/v2\/product"}],"about":[{"href":"https:\/\/mnir.ro\/shop\/index.php\/wp-json\/wp\/v2\/types\/product"}],"wp:featuredmedia":[{"embeddable":true,"href":"https:\/\/mnir.ro\/shop\/index.php\/wp-json\/wp\/v2\/media\/4202"}],"wp:attachment":[{"href":"https:\/\/mnir.ro\/shop\/index.php\/wp-json\/wp\/v2\/media?parent=4127"}],"wp:term":[{"taxonomy":"product_brand","embeddable":true,"href":"https:\/\/mnir.ro\/shop\/index.php\/wp-json\/wp\/v2\/product_brand?post=4127"},{"taxonomy":"product_cat","embeddable":true,"href":"https:\/\/mnir.ro\/shop\/index.php\/wp-json\/wp\/v2\/product_cat?post=4127"},{"taxonomy":"product_tag","embeddable":true,"href":"https:\/\/mnir.ro\/shop\/index.php\/wp-json\/wp\/v2\/product_tag?post=4127"}],"curies":[{"name":"wp","href":"https:\/\/api.w.org\/{rel}","templated":true}]}}