{"id":4124,"date":"2015-09-27T17:09:22","date_gmt":"2015-09-27T14:09:22","guid":{"rendered":"http:\/\/89.36.140.88\/~mnir\/shop\/?post_type=product&#038;p=4124"},"modified":"2017-01-05T15:54:46","modified_gmt":"2017-01-05T13:54:46","slug":"haina-il-face-pe-om-sase-secole-de-istorie-vestimentara","status":"publish","type":"product","link":"https:\/\/mnir.ro\/shop\/index.php\/produs\/haina-il-face-pe-om-sase-secole-de-istorie-vestimentara\/","title":{"rendered":"Haina \u00eel face pe om. \u015ease secole de istorie vestimentar\u0103"},"content":{"rendered":"<p>Haina \u00eel face pe om. \u015ease secole de istorie vestimentar\u0103 &#8211; catalog de expozi\u021bie (edi\u021bie bilingv\u0103 rom\u00e2n\u0103 &#8211; englez\u0103)<br \/>\nNr. de pagini: 160<br \/>\nAn: 2014<\/p>\n","protected":false},"excerpt":{"rendered":"<p>Haina \u00eel face pe om. \u015ease secole de istorie vestimentar\u0103 &#8211; catalog de expozi\u021bie (edi\u021bie bilingv\u0103 rom\u00e2n\u0103 &#8211; englez\u0103) Nr. de pagini: 160 An: 2014<\/p>\n","protected":false},"featured_media":4169,"template":"","meta":[],"product_brand":[],"product_cat":[27],"product_tag":[],"class_list":{"0":"post-4124","1":"product","2":"type-product","3":"status-publish","4":"has-post-thumbnail","6":"product_cat-catalog-expozitie","8":"first","9":"outofstock","10":"shipping-taxable","11":"purchasable","12":"product-type-simple"},"_links":{"self":[{"href":"https:\/\/mnir.ro\/shop\/index.php\/wp-json\/wp\/v2\/product\/4124","targetHints":{"allow":["GET"]}}],"collection":[{"href":"https:\/\/mnir.ro\/shop\/index.php\/wp-json\/wp\/v2\/product"}],"about":[{"href":"https:\/\/mnir.ro\/shop\/index.php\/wp-json\/wp\/v2\/types\/product"}],"wp:featuredmedia":[{"embeddable":true,"href":"https:\/\/mnir.ro\/shop\/index.php\/wp-json\/wp\/v2\/media\/4169"}],"wp:attachment":[{"href":"https:\/\/mnir.ro\/shop\/index.php\/wp-json\/wp\/v2\/media?parent=4124"}],"wp:term":[{"taxonomy":"product_brand","embeddable":true,"href":"https:\/\/mnir.ro\/shop\/index.php\/wp-json\/wp\/v2\/product_brand?post=4124"},{"taxonomy":"product_cat","embeddable":true,"href":"https:\/\/mnir.ro\/shop\/index.php\/wp-json\/wp\/v2\/product_cat?post=4124"},{"taxonomy":"product_tag","embeddable":true,"href":"https:\/\/mnir.ro\/shop\/index.php\/wp-json\/wp\/v2\/product_tag?post=4124"}],"curies":[{"name":"wp","href":"https:\/\/api.w.org\/{rel}","templated":true}]}}