{"id":4123,"date":"2015-09-27T17:08:19","date_gmt":"2015-09-27T14:08:19","guid":{"rendered":"http:\/\/89.36.140.88\/~mnir\/shop\/?post_type=product&#038;p=4123"},"modified":"2022-04-19T18:36:24","modified_gmt":"2022-04-19T15:36:24","slug":"institutii-ecleziastice-si-sentiment-religios-in-tara-romaneasca-si-moldova","status":"publish","type":"product","link":"https:\/\/mnir.ro\/shop\/index.php\/produs\/institutii-ecleziastice-si-sentiment-religios-in-tara-romaneasca-si-moldova\/","title":{"rendered":"Institu\u0163ii ecleziastice \u015fi sentiment religios \u00een \u0162ara Rom\u00e2neasc\u0103 \u015fi Moldova"},"content":{"rendered":"<p>Institu\u0163ii ecleziastice \u015fi sentiment religios \u00een \u0162ara Rom\u00e2neasc\u0103 \u015fi Moldova (secolul al XVI-lea) &#8211; Irina Ene<br \/>\nNr. de pagini: 270+anexe<br \/>\nAn: 2014<\/p>\n","protected":false},"excerpt":{"rendered":"<p>Institu\u0163ii ecleziastice \u015fi sentiment religios \u00een \u0162ara Rom\u00e2neasc\u0103 \u015fi Moldova (secolul al XVI-lea) &#8211; Irina Ene Nr. de pagini: 270+anexe An: 2014<\/p>\n","protected":false},"featured_media":4216,"template":"","meta":[],"product_brand":[],"product_cat":[39],"product_tag":[],"class_list":{"0":"post-4123","1":"product","2":"type-product","3":"status-publish","4":"has-post-thumbnail","6":"product_cat-carte","8":"first","9":"instock","10":"shipping-taxable","11":"purchasable","12":"product-type-simple"},"_links":{"self":[{"href":"https:\/\/mnir.ro\/shop\/index.php\/wp-json\/wp\/v2\/product\/4123","targetHints":{"allow":["GET"]}}],"collection":[{"href":"https:\/\/mnir.ro\/shop\/index.php\/wp-json\/wp\/v2\/product"}],"about":[{"href":"https:\/\/mnir.ro\/shop\/index.php\/wp-json\/wp\/v2\/types\/product"}],"wp:featuredmedia":[{"embeddable":true,"href":"https:\/\/mnir.ro\/shop\/index.php\/wp-json\/wp\/v2\/media\/4216"}],"wp:attachment":[{"href":"https:\/\/mnir.ro\/shop\/index.php\/wp-json\/wp\/v2\/media?parent=4123"}],"wp:term":[{"taxonomy":"product_brand","embeddable":true,"href":"https:\/\/mnir.ro\/shop\/index.php\/wp-json\/wp\/v2\/product_brand?post=4123"},{"taxonomy":"product_cat","embeddable":true,"href":"https:\/\/mnir.ro\/shop\/index.php\/wp-json\/wp\/v2\/product_cat?post=4123"},{"taxonomy":"product_tag","embeddable":true,"href":"https:\/\/mnir.ro\/shop\/index.php\/wp-json\/wp\/v2\/product_tag?post=4123"}],"curies":[{"name":"wp","href":"https:\/\/api.w.org\/{rel}","templated":true}]}}