{"id":4114,"date":"2015-09-27T16:53:33","date_gmt":"2015-09-27T13:53:33","guid":{"rendered":"http:\/\/89.36.140.88\/~mnir\/shop\/?post_type=product&#038;p=4114"},"modified":"2022-04-19T15:12:19","modified_gmt":"2022-04-19T12:12:19","slug":"comorile-chinei","status":"publish","type":"product","link":"https:\/\/mnir.ro\/shop\/index.php\/produs\/comorile-chinei\/","title":{"rendered":"Comorile Chinei"},"content":{"rendered":"<p>Comorile Chinei &#8211; catalog de expozi\u021bie (edi\u021bie bilingv\u0103 rom\u00e2n\u0103 &#8211; englez\u0103)<br \/>\nNr. de pagini:\u00a0248<br \/>\nAn:\u00a02013<\/p>\n","protected":false},"excerpt":{"rendered":"<p>Comorile Chinei &#8211; catalog de expozi\u021bie (edi\u021bie bilingv\u0103 rom\u00e2n\u0103 &#8211; englez\u0103) Nr. de pagini:\u00a0248 An:\u00a02013<\/p>\n","protected":false},"featured_media":4176,"template":"","meta":[],"product_brand":[],"product_cat":[27],"product_tag":[],"class_list":{"0":"post-4114","1":"product","2":"type-product","3":"status-publish","4":"has-post-thumbnail","6":"product_cat-catalog-expozitie","8":"first","9":"instock","10":"shipping-taxable","11":"purchasable","12":"product-type-simple"},"_links":{"self":[{"href":"https:\/\/mnir.ro\/shop\/index.php\/wp-json\/wp\/v2\/product\/4114","targetHints":{"allow":["GET"]}}],"collection":[{"href":"https:\/\/mnir.ro\/shop\/index.php\/wp-json\/wp\/v2\/product"}],"about":[{"href":"https:\/\/mnir.ro\/shop\/index.php\/wp-json\/wp\/v2\/types\/product"}],"wp:featuredmedia":[{"embeddable":true,"href":"https:\/\/mnir.ro\/shop\/index.php\/wp-json\/wp\/v2\/media\/4176"}],"wp:attachment":[{"href":"https:\/\/mnir.ro\/shop\/index.php\/wp-json\/wp\/v2\/media?parent=4114"}],"wp:term":[{"taxonomy":"product_brand","embeddable":true,"href":"https:\/\/mnir.ro\/shop\/index.php\/wp-json\/wp\/v2\/product_brand?post=4114"},{"taxonomy":"product_cat","embeddable":true,"href":"https:\/\/mnir.ro\/shop\/index.php\/wp-json\/wp\/v2\/product_cat?post=4114"},{"taxonomy":"product_tag","embeddable":true,"href":"https:\/\/mnir.ro\/shop\/index.php\/wp-json\/wp\/v2\/product_tag?post=4114"}],"curies":[{"name":"wp","href":"https:\/\/api.w.org\/{rel}","templated":true}]}}