{"id":4113,"date":"2015-09-27T16:51:11","date_gmt":"2015-09-27T13:51:11","guid":{"rendered":"http:\/\/89.36.140.88\/~mnir\/shop\/?post_type=product&#038;p=4113"},"modified":"2022-04-19T15:17:37","modified_gmt":"2022-04-19T12:17:37","slug":"imaginand-balcanii-identitati-si-memorie-in-lungul-secol-al-xix-lea","status":"publish","type":"product","link":"https:\/\/mnir.ro\/shop\/index.php\/produs\/imaginand-balcanii-identitati-si-memorie-in-lungul-secol-al-xix-lea\/","title":{"rendered":"Imagin\u00e2nd Balcanii. Identit\u0103\u021bi \u0219i memorie \u00een lungul secol al XIX-lea"},"content":{"rendered":"<p>Imagin\u00e2nd Balcanii. Identit\u0103\u021bi \u0219i memorie \u00een lungul secol al XIX-lea &#8211; catalog de expozi\u021bie<br \/>\nNr. de pagini:\u00a0120<br \/>\nAn: 2013<\/p>\n","protected":false},"excerpt":{"rendered":"<p>Imagin\u00e2nd Balcanii. Identit\u0103\u021bi \u0219i memorie \u00een lungul secol al XIX-lea &#8211; catalog de expozi\u021bie Nr. de pagini:\u00a0120 An: 2013<\/p>\n","protected":false},"featured_media":4197,"template":"","meta":[],"product_brand":[],"product_cat":[27],"product_tag":[],"class_list":{"0":"post-4113","1":"product","2":"type-product","3":"status-publish","4":"has-post-thumbnail","6":"product_cat-catalog-expozitie","8":"first","9":"instock","10":"shipping-taxable","11":"purchasable","12":"product-type-simple"},"_links":{"self":[{"href":"https:\/\/mnir.ro\/shop\/index.php\/wp-json\/wp\/v2\/product\/4113","targetHints":{"allow":["GET"]}}],"collection":[{"href":"https:\/\/mnir.ro\/shop\/index.php\/wp-json\/wp\/v2\/product"}],"about":[{"href":"https:\/\/mnir.ro\/shop\/index.php\/wp-json\/wp\/v2\/types\/product"}],"wp:featuredmedia":[{"embeddable":true,"href":"https:\/\/mnir.ro\/shop\/index.php\/wp-json\/wp\/v2\/media\/4197"}],"wp:attachment":[{"href":"https:\/\/mnir.ro\/shop\/index.php\/wp-json\/wp\/v2\/media?parent=4113"}],"wp:term":[{"taxonomy":"product_brand","embeddable":true,"href":"https:\/\/mnir.ro\/shop\/index.php\/wp-json\/wp\/v2\/product_brand?post=4113"},{"taxonomy":"product_cat","embeddable":true,"href":"https:\/\/mnir.ro\/shop\/index.php\/wp-json\/wp\/v2\/product_cat?post=4113"},{"taxonomy":"product_tag","embeddable":true,"href":"https:\/\/mnir.ro\/shop\/index.php\/wp-json\/wp\/v2\/product_tag?post=4113"}],"curies":[{"name":"wp","href":"https:\/\/api.w.org\/{rel}","templated":true}]}}