{"id":4112,"date":"2015-09-27T16:49:47","date_gmt":"2015-09-27T13:49:47","guid":{"rendered":"http:\/\/89.36.140.88\/~mnir\/shop\/?post_type=product&#038;p=4112"},"modified":"2018-12-05T14:23:28","modified_gmt":"2018-12-05T12:23:28","slug":"maria-regina","status":"publish","type":"product","link":"https:\/\/mnir.ro\/shop\/index.php\/produs\/maria-regina\/","title":{"rendered":"Maria. Regina\u2026"},"content":{"rendered":"<p>Maria. Regina\u2026 &#8211; catalog de colec\u0163ie (edi\u021bie bilingv\u0103 rom\u00e2n\u0103 &#8211; englez\u0103)<br \/>\nNr. de pagini:\u00a0280<br \/>\nAn: 2013<\/p>\n","protected":false},"excerpt":{"rendered":"<p>Maria. Regina\u2026 &#8211; catalog de colec\u0163ie (edi\u021bie bilingv\u0103 rom\u00e2n\u0103 &#8211; englez\u0103) Nr. de pagini:\u00a0280 An: 2013<\/p>\n","protected":false},"featured_media":4199,"template":"","meta":[],"product_brand":[],"product_cat":[123],"product_tag":[],"class_list":{"0":"post-4112","1":"product","2":"type-product","3":"status-publish","4":"has-post-thumbnail","6":"product_cat-catalog-de-colectie","8":"first","9":"outofstock","10":"shipping-taxable","11":"purchasable","12":"product-type-simple"},"_links":{"self":[{"href":"https:\/\/mnir.ro\/shop\/index.php\/wp-json\/wp\/v2\/product\/4112","targetHints":{"allow":["GET"]}}],"collection":[{"href":"https:\/\/mnir.ro\/shop\/index.php\/wp-json\/wp\/v2\/product"}],"about":[{"href":"https:\/\/mnir.ro\/shop\/index.php\/wp-json\/wp\/v2\/types\/product"}],"wp:featuredmedia":[{"embeddable":true,"href":"https:\/\/mnir.ro\/shop\/index.php\/wp-json\/wp\/v2\/media\/4199"}],"wp:attachment":[{"href":"https:\/\/mnir.ro\/shop\/index.php\/wp-json\/wp\/v2\/media?parent=4112"}],"wp:term":[{"taxonomy":"product_brand","embeddable":true,"href":"https:\/\/mnir.ro\/shop\/index.php\/wp-json\/wp\/v2\/product_brand?post=4112"},{"taxonomy":"product_cat","embeddable":true,"href":"https:\/\/mnir.ro\/shop\/index.php\/wp-json\/wp\/v2\/product_cat?post=4112"},{"taxonomy":"product_tag","embeddable":true,"href":"https:\/\/mnir.ro\/shop\/index.php\/wp-json\/wp\/v2\/product_tag?post=4112"}],"curies":[{"name":"wp","href":"https:\/\/api.w.org\/{rel}","templated":true}]}}