{"id":4107,"date":"2015-09-27T16:43:23","date_gmt":"2015-09-27T13:43:23","guid":{"rendered":"http:\/\/89.36.140.88\/~mnir\/shop\/?post_type=product&#038;p=4107"},"modified":"2024-07-26T12:30:25","modified_gmt":"2024-07-26T09:30:25","slug":"bing-magia-jucariilor","status":"publish","type":"product","link":"https:\/\/mnir.ro\/shop\/index.php\/produs\/bing-magia-jucariilor\/","title":{"rendered":"Bing. Magia Juc\u0103riilor"},"content":{"rendered":"<p>Bing. Magia Juc\u0103riilor &#8211; catalog de expozi\u021bie (edi\u021bie bilingv\u0103 rom\u00e2n\u0103 &#8211; englez\u0103)<br \/>\nNr. de pagini:\u00a0224<br \/>\nAn: 2012<\/p>\n","protected":false},"excerpt":{"rendered":"<p>Bing. Magia Juc\u0103riilor &#8211; catalog de expozi\u021bie (edi\u021bie bilingv\u0103 rom\u00e2n\u0103 &#8211; englez\u0103) Nr. de pagini:\u00a0224 An: 2012<\/p>\n","protected":false},"featured_media":4167,"template":"","meta":[],"product_brand":[],"product_cat":[27],"product_tag":[],"class_list":{"0":"post-4107","1":"product","2":"type-product","3":"status-publish","4":"has-post-thumbnail","6":"product_cat-catalog-expozitie","8":"first","9":"outofstock","10":"shipping-taxable","11":"purchasable","12":"product-type-simple"},"_links":{"self":[{"href":"https:\/\/mnir.ro\/shop\/index.php\/wp-json\/wp\/v2\/product\/4107","targetHints":{"allow":["GET"]}}],"collection":[{"href":"https:\/\/mnir.ro\/shop\/index.php\/wp-json\/wp\/v2\/product"}],"about":[{"href":"https:\/\/mnir.ro\/shop\/index.php\/wp-json\/wp\/v2\/types\/product"}],"wp:featuredmedia":[{"embeddable":true,"href":"https:\/\/mnir.ro\/shop\/index.php\/wp-json\/wp\/v2\/media\/4167"}],"wp:attachment":[{"href":"https:\/\/mnir.ro\/shop\/index.php\/wp-json\/wp\/v2\/media?parent=4107"}],"wp:term":[{"taxonomy":"product_brand","embeddable":true,"href":"https:\/\/mnir.ro\/shop\/index.php\/wp-json\/wp\/v2\/product_brand?post=4107"},{"taxonomy":"product_cat","embeddable":true,"href":"https:\/\/mnir.ro\/shop\/index.php\/wp-json\/wp\/v2\/product_cat?post=4107"},{"taxonomy":"product_tag","embeddable":true,"href":"https:\/\/mnir.ro\/shop\/index.php\/wp-json\/wp\/v2\/product_tag?post=4107"}],"curies":[{"name":"wp","href":"https:\/\/api.w.org\/{rel}","templated":true}]}}