{"id":4104,"date":"2015-09-27T16:36:23","date_gmt":"2015-09-27T13:36:23","guid":{"rendered":"http:\/\/89.36.140.88\/~mnir\/shop\/?post_type=product&#038;p=4104"},"modified":"2022-04-19T14:12:55","modified_gmt":"2022-04-19T11:12:55","slug":"genio-helvetico-ceasuri-istorice-si-cutii-muzicale-elvetiene-din-colectii-muzeale-romanesti","status":"publish","type":"product","link":"https:\/\/mnir.ro\/shop\/index.php\/produs\/genio-helvetico-ceasuri-istorice-si-cutii-muzicale-elvetiene-din-colectii-muzeale-romanesti\/","title":{"rendered":"Genio Helvetico. Ceasuri istorice \u015fi cutii muzicale elve\u0163iene din colec\u0163ii muzeale rom\u00e2ne\u015fti"},"content":{"rendered":"<p>Genio Helvetico. Ceasuri istorice \u015fi cutii muzicale elve\u0163iene din colec\u0163ii muzeale rom\u00e2ne\u015fti &#8211; catalog de expozi\u021bie (edi\u021bie bilingv\u0103 rom\u00e2n\u0103 &#8211; francez\u0103)<br \/>\nNr. de pagini: 208<br \/>\nAn: 2012<\/p>\n","protected":false},"excerpt":{"rendered":"<p>Genio Helvetico. Ceasuri istorice \u015fi cutii muzicale elve\u0163iene din colec\u0163ii muzeale rom\u00e2ne\u015fti &#8211; catalog de expozi\u021bie (edi\u021bie bilingv\u0103 rom\u00e2n\u0103 &#8211; francez\u0103) Nr. de pagini: 208 An: 2012<\/p>\n","protected":false},"featured_media":4195,"template":"","meta":[],"product_brand":[],"product_cat":[27],"product_tag":[],"class_list":{"0":"post-4104","1":"product","2":"type-product","3":"status-publish","4":"has-post-thumbnail","6":"product_cat-catalog-expozitie","8":"first","9":"instock","10":"shipping-taxable","11":"purchasable","12":"product-type-simple"},"_links":{"self":[{"href":"https:\/\/mnir.ro\/shop\/index.php\/wp-json\/wp\/v2\/product\/4104","targetHints":{"allow":["GET"]}}],"collection":[{"href":"https:\/\/mnir.ro\/shop\/index.php\/wp-json\/wp\/v2\/product"}],"about":[{"href":"https:\/\/mnir.ro\/shop\/index.php\/wp-json\/wp\/v2\/types\/product"}],"wp:featuredmedia":[{"embeddable":true,"href":"https:\/\/mnir.ro\/shop\/index.php\/wp-json\/wp\/v2\/media\/4195"}],"wp:attachment":[{"href":"https:\/\/mnir.ro\/shop\/index.php\/wp-json\/wp\/v2\/media?parent=4104"}],"wp:term":[{"taxonomy":"product_brand","embeddable":true,"href":"https:\/\/mnir.ro\/shop\/index.php\/wp-json\/wp\/v2\/product_brand?post=4104"},{"taxonomy":"product_cat","embeddable":true,"href":"https:\/\/mnir.ro\/shop\/index.php\/wp-json\/wp\/v2\/product_cat?post=4104"},{"taxonomy":"product_tag","embeddable":true,"href":"https:\/\/mnir.ro\/shop\/index.php\/wp-json\/wp\/v2\/product_tag?post=4104"}],"curies":[{"name":"wp","href":"https:\/\/api.w.org\/{rel}","templated":true}]}}