{"id":4103,"date":"2015-09-27T16:35:26","date_gmt":"2015-09-27T13:35:26","guid":{"rendered":"http:\/\/89.36.140.88\/~mnir\/shop\/?post_type=product&#038;p=4103"},"modified":"2022-04-19T15:35:04","modified_gmt":"2022-04-19T12:35:04","slug":"statiunile-balneoclimaterice-romanesti","status":"publish","type":"product","link":"https:\/\/mnir.ro\/shop\/index.php\/produs\/statiunile-balneoclimaterice-romanesti\/","title":{"rendered":"Sta\u0163iunile Balneoclimaterice Rom\u00e2ne\u015fti"},"content":{"rendered":"<p>Sta\u0163iunile Balneoclimaterice Rom\u00e2ne\u015fti. Sf\u00e2r\u015fitul secolului al XIX-lea si prima jum\u0103tate a secolului al XX-lea &#8211; catalog de colec\u021bie<br \/>\nNr. de pagini:\u00a0120<br \/>\nAn: 2012<\/p>\n","protected":false},"excerpt":{"rendered":"<p>Sta\u0163iunile Balneoclimaterice Rom\u00e2ne\u015fti. Sf\u00e2r\u015fitul secolului al XIX-lea si prima jum\u0103tate a secolului al XX-lea &#8211; catalog de colec\u021bie Nr. de pagini:\u00a0120 An: 2012<\/p>\n","protected":false},"featured_media":4231,"template":"","meta":[],"product_brand":[],"product_cat":[155],"product_tag":[],"class_list":{"0":"post-4103","1":"product","2":"type-product","3":"status-publish","4":"has-post-thumbnail","6":"product_cat-fara-categorie","8":"first","9":"instock","10":"shipping-taxable","11":"purchasable","12":"product-type-simple"},"_links":{"self":[{"href":"https:\/\/mnir.ro\/shop\/index.php\/wp-json\/wp\/v2\/product\/4103","targetHints":{"allow":["GET"]}}],"collection":[{"href":"https:\/\/mnir.ro\/shop\/index.php\/wp-json\/wp\/v2\/product"}],"about":[{"href":"https:\/\/mnir.ro\/shop\/index.php\/wp-json\/wp\/v2\/types\/product"}],"wp:featuredmedia":[{"embeddable":true,"href":"https:\/\/mnir.ro\/shop\/index.php\/wp-json\/wp\/v2\/media\/4231"}],"wp:attachment":[{"href":"https:\/\/mnir.ro\/shop\/index.php\/wp-json\/wp\/v2\/media?parent=4103"}],"wp:term":[{"taxonomy":"product_brand","embeddable":true,"href":"https:\/\/mnir.ro\/shop\/index.php\/wp-json\/wp\/v2\/product_brand?post=4103"},{"taxonomy":"product_cat","embeddable":true,"href":"https:\/\/mnir.ro\/shop\/index.php\/wp-json\/wp\/v2\/product_cat?post=4103"},{"taxonomy":"product_tag","embeddable":true,"href":"https:\/\/mnir.ro\/shop\/index.php\/wp-json\/wp\/v2\/product_tag?post=4103"}],"curies":[{"name":"wp","href":"https:\/\/api.w.org\/{rel}","templated":true}]}}