{"id":4102,"date":"2015-09-27T16:32:26","date_gmt":"2015-09-27T13:32:26","guid":{"rendered":"http:\/\/89.36.140.88\/~mnir\/shop\/?post_type=product&#038;p=4102"},"modified":"2022-04-20T10:31:33","modified_gmt":"2022-04-20T07:31:33","slug":"the-catalogue-of-the-neolithic-and-eneolithic-funerary-findings-from-romania","status":"publish","type":"product","link":"https:\/\/mnir.ro\/shop\/index.php\/produs\/the-catalogue-of-the-neolithic-and-eneolithic-funerary-findings-from-romania\/","title":{"rendered":"The Catalogue of the Neolithic and Eneolithic Funerary Findings from Romania"},"content":{"rendered":"<p>The Catalogue of the Neolithic and Eneolithic Funerary Findings from Romania. Monographic Series No. VII &#8211; C\u0103t\u0103lin Laz\u0103r (ed.)<br \/>\nNr. de pagini:\u00a0198<br \/>\nAn: 2012<\/p>\n","protected":false},"excerpt":{"rendered":"<p>The Catalogue of the Neolithic and Eneolithic Funerary Findings from Romania. Monographic Series No. VII &#8211; C\u0103t\u0103lin Laz\u0103r (ed.) Nr. de pagini:\u00a0198 An: 2012<\/p>\n","protected":false},"featured_media":4232,"template":"","meta":[],"product_brand":[],"product_cat":[155],"product_tag":[],"class_list":{"0":"post-4102","1":"product","2":"type-product","3":"status-publish","4":"has-post-thumbnail","6":"product_cat-fara-categorie","8":"first","9":"instock","10":"shipping-taxable","11":"purchasable","12":"product-type-simple"},"_links":{"self":[{"href":"https:\/\/mnir.ro\/shop\/index.php\/wp-json\/wp\/v2\/product\/4102","targetHints":{"allow":["GET"]}}],"collection":[{"href":"https:\/\/mnir.ro\/shop\/index.php\/wp-json\/wp\/v2\/product"}],"about":[{"href":"https:\/\/mnir.ro\/shop\/index.php\/wp-json\/wp\/v2\/types\/product"}],"wp:featuredmedia":[{"embeddable":true,"href":"https:\/\/mnir.ro\/shop\/index.php\/wp-json\/wp\/v2\/media\/4232"}],"wp:attachment":[{"href":"https:\/\/mnir.ro\/shop\/index.php\/wp-json\/wp\/v2\/media?parent=4102"}],"wp:term":[{"taxonomy":"product_brand","embeddable":true,"href":"https:\/\/mnir.ro\/shop\/index.php\/wp-json\/wp\/v2\/product_brand?post=4102"},{"taxonomy":"product_cat","embeddable":true,"href":"https:\/\/mnir.ro\/shop\/index.php\/wp-json\/wp\/v2\/product_cat?post=4102"},{"taxonomy":"product_tag","embeddable":true,"href":"https:\/\/mnir.ro\/shop\/index.php\/wp-json\/wp\/v2\/product_tag?post=4102"}],"curies":[{"name":"wp","href":"https:\/\/api.w.org\/{rel}","templated":true}]}}