{"id":4098,"date":"2015-09-27T16:28:48","date_gmt":"2015-09-27T13:28:48","guid":{"rendered":"http:\/\/89.36.140.88\/~mnir\/shop\/?post_type=product&#038;p=4098"},"modified":"2022-04-19T15:25:03","modified_gmt":"2022-04-19T12:25:03","slug":"lumea-rurala-in-provinciile-moesia-inferior-si-thracia","status":"publish","type":"product","link":"https:\/\/mnir.ro\/shop\/index.php\/produs\/lumea-rurala-in-provinciile-moesia-inferior-si-thracia\/","title":{"rendered":"Lumea rural\u0103 \u00een provinciile Moesia Inferior \u015fi Thracia"},"content":{"rendered":"<p>Lumea rural\u0103 \u00een provinciile Moesia Inferior \u015fi Thracia (secolele I\u2013III p. Chr.) &#8211; Adela B\u00e2lt\u00e2c<br \/>\nNr. de pagini: 526+plan\u0219e<br \/>\nAn: 2011<\/p>\n","protected":false},"excerpt":{"rendered":"<p>Lumea rural\u0103 \u00een provinciile Moesia Inferior \u015fi Thracia (secolele I\u2013III p. Chr.) &#8211; Adela B\u00e2lt\u00e2c Nr. de pagini: 526+plan\u0219e An: 2011<\/p>\n","protected":false},"featured_media":4187,"template":"","meta":[],"product_brand":[],"product_cat":[155],"product_tag":[],"class_list":{"0":"post-4098","1":"product","2":"type-product","3":"status-publish","4":"has-post-thumbnail","6":"product_cat-fara-categorie","8":"first","9":"instock","10":"shipping-taxable","11":"purchasable","12":"product-type-simple"},"_links":{"self":[{"href":"https:\/\/mnir.ro\/shop\/index.php\/wp-json\/wp\/v2\/product\/4098","targetHints":{"allow":["GET"]}}],"collection":[{"href":"https:\/\/mnir.ro\/shop\/index.php\/wp-json\/wp\/v2\/product"}],"about":[{"href":"https:\/\/mnir.ro\/shop\/index.php\/wp-json\/wp\/v2\/types\/product"}],"wp:featuredmedia":[{"embeddable":true,"href":"https:\/\/mnir.ro\/shop\/index.php\/wp-json\/wp\/v2\/media\/4187"}],"wp:attachment":[{"href":"https:\/\/mnir.ro\/shop\/index.php\/wp-json\/wp\/v2\/media?parent=4098"}],"wp:term":[{"taxonomy":"product_brand","embeddable":true,"href":"https:\/\/mnir.ro\/shop\/index.php\/wp-json\/wp\/v2\/product_brand?post=4098"},{"taxonomy":"product_cat","embeddable":true,"href":"https:\/\/mnir.ro\/shop\/index.php\/wp-json\/wp\/v2\/product_cat?post=4098"},{"taxonomy":"product_tag","embeddable":true,"href":"https:\/\/mnir.ro\/shop\/index.php\/wp-json\/wp\/v2\/product_tag?post=4098"}],"curies":[{"name":"wp","href":"https:\/\/api.w.org\/{rel}","templated":true}]}}