{"id":4096,"date":"2015-09-27T16:26:33","date_gmt":"2015-09-27T13:26:33","guid":{"rendered":"http:\/\/89.36.140.88\/~mnir\/shop\/?post_type=product&#038;p=4096"},"modified":"2022-04-19T15:22:28","modified_gmt":"2022-04-19T12:22:28","slug":"muzeele-din-romania-intre-clasic-si-modern-proiecte-muzeale","status":"publish","type":"product","link":"https:\/\/mnir.ro\/shop\/index.php\/produs\/muzeele-din-romania-intre-clasic-si-modern-proiecte-muzeale\/","title":{"rendered":"Muzeele din Rom\u00e2nia \u00eentre clasic \u015fi modern. Proiecte muzeale"},"content":{"rendered":"<p>Muzeele din Rom\u00e2nia \u00eentre clasic \u015fi modern. Proiecte muzeale (1990-2010)<br \/>\nNr. de pagini:\u00a0174<br \/>\nAn: 2011<\/p>\n","protected":false},"excerpt":{"rendered":"<p>Muzeele din Rom\u00e2nia \u00eentre clasic \u015fi modern. Proiecte muzeale (1990-2010) Nr. de pagini:\u00a0174 An: 2011<\/p>\n","protected":false},"featured_media":4257,"template":"","meta":[],"product_brand":[],"product_cat":[27],"product_tag":[],"class_list":{"0":"post-4096","1":"product","2":"type-product","3":"status-publish","4":"has-post-thumbnail","6":"product_cat-catalog-expozitie","8":"first","9":"instock","10":"shipping-taxable","11":"purchasable","12":"product-type-simple"},"_links":{"self":[{"href":"https:\/\/mnir.ro\/shop\/index.php\/wp-json\/wp\/v2\/product\/4096","targetHints":{"allow":["GET"]}}],"collection":[{"href":"https:\/\/mnir.ro\/shop\/index.php\/wp-json\/wp\/v2\/product"}],"about":[{"href":"https:\/\/mnir.ro\/shop\/index.php\/wp-json\/wp\/v2\/types\/product"}],"wp:featuredmedia":[{"embeddable":true,"href":"https:\/\/mnir.ro\/shop\/index.php\/wp-json\/wp\/v2\/media\/4257"}],"wp:attachment":[{"href":"https:\/\/mnir.ro\/shop\/index.php\/wp-json\/wp\/v2\/media?parent=4096"}],"wp:term":[{"taxonomy":"product_brand","embeddable":true,"href":"https:\/\/mnir.ro\/shop\/index.php\/wp-json\/wp\/v2\/product_brand?post=4096"},{"taxonomy":"product_cat","embeddable":true,"href":"https:\/\/mnir.ro\/shop\/index.php\/wp-json\/wp\/v2\/product_cat?post=4096"},{"taxonomy":"product_tag","embeddable":true,"href":"https:\/\/mnir.ro\/shop\/index.php\/wp-json\/wp\/v2\/product_tag?post=4096"}],"curies":[{"name":"wp","href":"https:\/\/api.w.org\/{rel}","templated":true}]}}