{"id":4095,"date":"2015-09-27T16:25:19","date_gmt":"2015-09-27T13:25:19","guid":{"rendered":"http:\/\/89.36.140.88\/~mnir\/shop\/?post_type=product&#038;p=4095"},"modified":"2022-04-26T09:50:27","modified_gmt":"2022-04-26T06:50:27","slug":"onoarea-natiunilor-ordine-si-decoratii-din-patrimoniul-muzeului-national-de-istorie-a-romaniei","status":"publish","type":"product","link":"https:\/\/mnir.ro\/shop\/index.php\/produs\/onoarea-natiunilor-ordine-si-decoratii-din-patrimoniul-muzeului-national-de-istorie-a-romaniei\/","title":{"rendered":"Onoarea Na\u021biunilor. Ordine \u0219i decora\u021bii din patrimoniul Muzeului Na\u021bional de Istorie a Rom\u00e2niei, vol. I"},"content":{"rendered":"<p>Onoarea Na\u021biunilor. Ordine \u0219i decora\u021bii din patrimoniul Muzeului Na\u021bional de Istorie a Rom\u00e2niei, Volumul I &#8211; Katiu\u0219a P\u00e2rvan, C\u0103t\u0103lina Opaschi, Tudor Martin (catalog de colec\u021bie)<br \/>\nNr. de pagini: 266<br \/>\nAn: 2011<\/p>\n","protected":false},"excerpt":{"rendered":"<p>Onoarea Na\u021biunilor. Ordine \u0219i decora\u021bii din patrimoniul Muzeului Na\u021bional de Istorie a Rom\u00e2niei, Volumul I &#8211; Katiu\u0219a P\u00e2rvan, C\u0103t\u0103lina Opaschi, Tudor Martin (catalog de colec\u021bie) Nr. de pagini: 266 An:&#8230;<\/p>\n","protected":false},"featured_media":4223,"template":"","meta":[],"product_brand":[],"product_cat":[123],"product_tag":[],"class_list":{"0":"post-4095","1":"product","2":"type-product","3":"status-publish","4":"has-post-thumbnail","6":"product_cat-catalog-de-colectie","8":"first","9":"instock","10":"shipping-taxable","11":"purchasable","12":"product-type-simple"},"_links":{"self":[{"href":"https:\/\/mnir.ro\/shop\/index.php\/wp-json\/wp\/v2\/product\/4095","targetHints":{"allow":["GET"]}}],"collection":[{"href":"https:\/\/mnir.ro\/shop\/index.php\/wp-json\/wp\/v2\/product"}],"about":[{"href":"https:\/\/mnir.ro\/shop\/index.php\/wp-json\/wp\/v2\/types\/product"}],"wp:featuredmedia":[{"embeddable":true,"href":"https:\/\/mnir.ro\/shop\/index.php\/wp-json\/wp\/v2\/media\/4223"}],"wp:attachment":[{"href":"https:\/\/mnir.ro\/shop\/index.php\/wp-json\/wp\/v2\/media?parent=4095"}],"wp:term":[{"taxonomy":"product_brand","embeddable":true,"href":"https:\/\/mnir.ro\/shop\/index.php\/wp-json\/wp\/v2\/product_brand?post=4095"},{"taxonomy":"product_cat","embeddable":true,"href":"https:\/\/mnir.ro\/shop\/index.php\/wp-json\/wp\/v2\/product_cat?post=4095"},{"taxonomy":"product_tag","embeddable":true,"href":"https:\/\/mnir.ro\/shop\/index.php\/wp-json\/wp\/v2\/product_tag?post=4095"}],"curies":[{"name":"wp","href":"https:\/\/api.w.org\/{rel}","templated":true}]}}