{"id":4091,"date":"2015-09-27T16:20:54","date_gmt":"2015-09-27T13:20:54","guid":{"rendered":"http:\/\/89.36.140.88\/~mnir\/shop\/?post_type=product&#038;p=4091"},"modified":"2024-02-27T11:30:46","modified_gmt":"2024-02-27T09:30:46","slug":"album-bucuresti-george-avanu","status":"publish","type":"product","link":"https:\/\/mnir.ro\/shop\/index.php\/produs\/album-bucuresti-george-avanu\/","title":{"rendered":"Album Bucure\u0219ti &#8211; George Avanu"},"content":{"rendered":"<p>Album Bucure\u0219ti &#8211; George Avanu (edi\u021bie trilingv\u0103 rom\u00e2n\u0103 &#8211; englez\u0103 &#8211; francez\u0103)<br \/>\nNr. de pagini:\u00a096<br \/>\nAn: 2009<\/p>\n","protected":false},"excerpt":{"rendered":"<p>Album Bucure\u0219ti &#8211; George Avanu (edi\u021bie trilingv\u0103 rom\u00e2n\u0103 &#8211; englez\u0103 &#8211; francez\u0103) Nr. de pagini:\u00a096 An: 2009<\/p>\n","protected":false},"featured_media":4190,"template":"","meta":[],"product_brand":[],"product_cat":[28],"product_tag":[],"class_list":{"0":"post-4091","1":"product","2":"type-product","3":"status-publish","4":"has-post-thumbnail","6":"product_cat-album","8":"first","9":"outofstock","10":"shipping-taxable","11":"purchasable","12":"product-type-simple"},"_links":{"self":[{"href":"https:\/\/mnir.ro\/shop\/index.php\/wp-json\/wp\/v2\/product\/4091","targetHints":{"allow":["GET"]}}],"collection":[{"href":"https:\/\/mnir.ro\/shop\/index.php\/wp-json\/wp\/v2\/product"}],"about":[{"href":"https:\/\/mnir.ro\/shop\/index.php\/wp-json\/wp\/v2\/types\/product"}],"wp:featuredmedia":[{"embeddable":true,"href":"https:\/\/mnir.ro\/shop\/index.php\/wp-json\/wp\/v2\/media\/4190"}],"wp:attachment":[{"href":"https:\/\/mnir.ro\/shop\/index.php\/wp-json\/wp\/v2\/media?parent=4091"}],"wp:term":[{"taxonomy":"product_brand","embeddable":true,"href":"https:\/\/mnir.ro\/shop\/index.php\/wp-json\/wp\/v2\/product_brand?post=4091"},{"taxonomy":"product_cat","embeddable":true,"href":"https:\/\/mnir.ro\/shop\/index.php\/wp-json\/wp\/v2\/product_cat?post=4091"},{"taxonomy":"product_tag","embeddable":true,"href":"https:\/\/mnir.ro\/shop\/index.php\/wp-json\/wp\/v2\/product_tag?post=4091"}],"curies":[{"name":"wp","href":"https:\/\/api.w.org\/{rel}","templated":true}]}}