{"id":4086,"date":"2015-09-27T16:09:53","date_gmt":"2015-09-27T13:09:53","guid":{"rendered":"http:\/\/89.36.140.88\/~mnir\/shop\/?post_type=product&#038;p=4086"},"modified":"2024-02-27T10:45:48","modified_gmt":"2024-02-27T08:45:48","slug":"familia-regala-o-istorie-in-imagini","status":"publish","type":"product","link":"https:\/\/mnir.ro\/shop\/index.php\/produs\/familia-regala-o-istorie-in-imagini\/","title":{"rendered":"Familia Regal\u0103. O istorie \u00een imagini"},"content":{"rendered":"<p>Familia Regal\u0103. O istorie \u00een imagini &#8211; catalog de expozi\u021bie<br \/>\nNr. de pagini:\u00a0164<br \/>\nAn: 2009<\/p>\n","protected":false},"excerpt":{"rendered":"<p>Familia Regal\u0103. O istorie \u00een imagini &#8211; catalog de expozi\u021bie Nr. de pagini:\u00a0164 An: 2009<\/p>\n","protected":false},"featured_media":4184,"template":"","meta":[],"product_brand":[],"product_cat":[27],"product_tag":[],"class_list":{"0":"post-4086","1":"product","2":"type-product","3":"status-publish","4":"has-post-thumbnail","6":"product_cat-catalog-expozitie","8":"first","9":"outofstock","10":"shipping-taxable","11":"purchasable","12":"product-type-simple"},"_links":{"self":[{"href":"https:\/\/mnir.ro\/shop\/index.php\/wp-json\/wp\/v2\/product\/4086","targetHints":{"allow":["GET"]}}],"collection":[{"href":"https:\/\/mnir.ro\/shop\/index.php\/wp-json\/wp\/v2\/product"}],"about":[{"href":"https:\/\/mnir.ro\/shop\/index.php\/wp-json\/wp\/v2\/types\/product"}],"wp:featuredmedia":[{"embeddable":true,"href":"https:\/\/mnir.ro\/shop\/index.php\/wp-json\/wp\/v2\/media\/4184"}],"wp:attachment":[{"href":"https:\/\/mnir.ro\/shop\/index.php\/wp-json\/wp\/v2\/media?parent=4086"}],"wp:term":[{"taxonomy":"product_brand","embeddable":true,"href":"https:\/\/mnir.ro\/shop\/index.php\/wp-json\/wp\/v2\/product_brand?post=4086"},{"taxonomy":"product_cat","embeddable":true,"href":"https:\/\/mnir.ro\/shop\/index.php\/wp-json\/wp\/v2\/product_cat?post=4086"},{"taxonomy":"product_tag","embeddable":true,"href":"https:\/\/mnir.ro\/shop\/index.php\/wp-json\/wp\/v2\/product_tag?post=4086"}],"curies":[{"name":"wp","href":"https:\/\/api.w.org\/{rel}","templated":true}]}}