{"id":4075,"date":"2015-09-27T14:36:54","date_gmt":"2015-09-27T11:36:54","guid":{"rendered":"http:\/\/89.36.140.88\/~mnir\/shop\/?post_type=product&#038;p=4075"},"modified":"2023-01-13T11:43:32","modified_gmt":"2023-01-13T09:43:32","slug":"comunismul-in-romania-1945-1989","status":"publish","type":"product","link":"https:\/\/mnir.ro\/shop\/index.php\/produs\/comunismul-in-romania-1945-1989\/","title":{"rendered":"Comunismul \u00een Rom\u00e2nia. 1945-1989"},"content":{"rendered":"<p>Comunismul \u00een Rom\u00e2nia. 1945-1989 &#8211; catalog de expozi\u0163ie<br \/>\nNr. de pagini: 252<br \/>\nAn: 2007<\/p>\n","protected":false},"excerpt":{"rendered":"<p>Comunismul \u00een Rom\u00e2nia. 1945-1989 &#8211; catalog de expozi\u0163ie Nr. de pagini: 252 An: 2007<\/p>\n","protected":false},"featured_media":4240,"template":"","meta":[],"product_brand":[],"product_cat":[27],"product_tag":[],"class_list":{"0":"post-4075","1":"product","2":"type-product","3":"status-publish","4":"has-post-thumbnail","6":"product_cat-catalog-expozitie","8":"first","9":"outofstock","10":"shipping-taxable","11":"purchasable","12":"product-type-simple"},"_links":{"self":[{"href":"https:\/\/mnir.ro\/shop\/index.php\/wp-json\/wp\/v2\/product\/4075","targetHints":{"allow":["GET"]}}],"collection":[{"href":"https:\/\/mnir.ro\/shop\/index.php\/wp-json\/wp\/v2\/product"}],"about":[{"href":"https:\/\/mnir.ro\/shop\/index.php\/wp-json\/wp\/v2\/types\/product"}],"wp:featuredmedia":[{"embeddable":true,"href":"https:\/\/mnir.ro\/shop\/index.php\/wp-json\/wp\/v2\/media\/4240"}],"wp:attachment":[{"href":"https:\/\/mnir.ro\/shop\/index.php\/wp-json\/wp\/v2\/media?parent=4075"}],"wp:term":[{"taxonomy":"product_brand","embeddable":true,"href":"https:\/\/mnir.ro\/shop\/index.php\/wp-json\/wp\/v2\/product_brand?post=4075"},{"taxonomy":"product_cat","embeddable":true,"href":"https:\/\/mnir.ro\/shop\/index.php\/wp-json\/wp\/v2\/product_cat?post=4075"},{"taxonomy":"product_tag","embeddable":true,"href":"https:\/\/mnir.ro\/shop\/index.php\/wp-json\/wp\/v2\/product_tag?post=4075"}],"curies":[{"name":"wp","href":"https:\/\/api.w.org\/{rel}","templated":true}]}}