{"id":4068,"date":"2015-09-27T14:23:13","date_gmt":"2015-09-27T11:23:13","guid":{"rendered":"http:\/\/89.36.140.88\/~mnir\/shop\/?post_type=product&#038;p=4068"},"modified":"2022-04-19T15:13:51","modified_gmt":"2022-04-19T12:13:51","slug":"dacia-avgvsti-provincia-crearea-provinciei","status":"publish","type":"product","link":"https:\/\/mnir.ro\/shop\/index.php\/produs\/dacia-avgvsti-provincia-crearea-provinciei\/","title":{"rendered":"Dacia Avgvsti Provincia. Crearea Provinciei"},"content":{"rendered":"<p>Dacia Avgvsti Provincia. Crearea Provinciei &#8211; catalog de expozi\u021bie\u00a0(edi\u021bie bilingv\u0103 rom\u00e2n\u0103 &#8211; italian\u0103)<br \/>\nNr. de pagini: 194+plan\u0219e<br \/>\nAn: 2006<\/p>\n","protected":false},"excerpt":{"rendered":"<p>Dacia Avgvsti Provincia. Crearea Provinciei &#8211; catalog de expozi\u021bie\u00a0(edi\u021bie bilingv\u0103 rom\u00e2n\u0103 &#8211; italian\u0103) Nr. de pagini: 194+plan\u0219e An: 2006<\/p>\n","protected":false},"featured_media":4206,"template":"","meta":[],"product_brand":[],"product_cat":[27],"product_tag":[],"class_list":{"0":"post-4068","1":"product","2":"type-product","3":"status-publish","4":"has-post-thumbnail","6":"product_cat-catalog-expozitie","8":"first","9":"instock","10":"shipping-taxable","11":"purchasable","12":"product-type-simple"},"_links":{"self":[{"href":"https:\/\/mnir.ro\/shop\/index.php\/wp-json\/wp\/v2\/product\/4068","targetHints":{"allow":["GET"]}}],"collection":[{"href":"https:\/\/mnir.ro\/shop\/index.php\/wp-json\/wp\/v2\/product"}],"about":[{"href":"https:\/\/mnir.ro\/shop\/index.php\/wp-json\/wp\/v2\/types\/product"}],"wp:featuredmedia":[{"embeddable":true,"href":"https:\/\/mnir.ro\/shop\/index.php\/wp-json\/wp\/v2\/media\/4206"}],"wp:attachment":[{"href":"https:\/\/mnir.ro\/shop\/index.php\/wp-json\/wp\/v2\/media?parent=4068"}],"wp:term":[{"taxonomy":"product_brand","embeddable":true,"href":"https:\/\/mnir.ro\/shop\/index.php\/wp-json\/wp\/v2\/product_brand?post=4068"},{"taxonomy":"product_cat","embeddable":true,"href":"https:\/\/mnir.ro\/shop\/index.php\/wp-json\/wp\/v2\/product_cat?post=4068"},{"taxonomy":"product_tag","embeddable":true,"href":"https:\/\/mnir.ro\/shop\/index.php\/wp-json\/wp\/v2\/product_tag?post=4068"}],"curies":[{"name":"wp","href":"https:\/\/api.w.org\/{rel}","templated":true}]}}