{"id":4065,"date":"2015-09-27T14:10:10","date_gmt":"2015-09-27T11:10:10","guid":{"rendered":"http:\/\/89.36.140.88\/~mnir\/shop\/?post_type=product&#038;p=4065"},"modified":"2022-04-19T18:27:34","modified_gmt":"2022-04-19T15:27:34","slug":"studii-in-onoarea-luciei-teposu-marinescu","status":"publish","type":"product","link":"https:\/\/mnir.ro\/shop\/index.php\/produs\/studii-in-onoarea-luciei-teposu-marinescu\/","title":{"rendered":"Studii \u00een onoarea Luciei \u0162eposu Marinescu"},"content":{"rendered":"<p>Corona Laurea. Studii \u00een onoarea Luciei \u0162eposu Marinescu<br \/>\nNr. de pagini: 548<br \/>\nAn: 2005<\/p>\n","protected":false},"excerpt":{"rendered":"<p>Corona Laurea. Studii \u00een onoarea Luciei \u0162eposu Marinescu Nr. de pagini: 548 An: 2005<\/p>\n","protected":false},"featured_media":4186,"template":"","meta":[],"product_brand":[],"product_cat":[155],"product_tag":[],"class_list":{"0":"post-4065","1":"product","2":"type-product","3":"status-publish","4":"has-post-thumbnail","6":"product_cat-fara-categorie","8":"first","9":"instock","10":"shipping-taxable","11":"purchasable","12":"product-type-simple"},"_links":{"self":[{"href":"https:\/\/mnir.ro\/shop\/index.php\/wp-json\/wp\/v2\/product\/4065","targetHints":{"allow":["GET"]}}],"collection":[{"href":"https:\/\/mnir.ro\/shop\/index.php\/wp-json\/wp\/v2\/product"}],"about":[{"href":"https:\/\/mnir.ro\/shop\/index.php\/wp-json\/wp\/v2\/types\/product"}],"wp:featuredmedia":[{"embeddable":true,"href":"https:\/\/mnir.ro\/shop\/index.php\/wp-json\/wp\/v2\/media\/4186"}],"wp:attachment":[{"href":"https:\/\/mnir.ro\/shop\/index.php\/wp-json\/wp\/v2\/media?parent=4065"}],"wp:term":[{"taxonomy":"product_brand","embeddable":true,"href":"https:\/\/mnir.ro\/shop\/index.php\/wp-json\/wp\/v2\/product_brand?post=4065"},{"taxonomy":"product_cat","embeddable":true,"href":"https:\/\/mnir.ro\/shop\/index.php\/wp-json\/wp\/v2\/product_cat?post=4065"},{"taxonomy":"product_tag","embeddable":true,"href":"https:\/\/mnir.ro\/shop\/index.php\/wp-json\/wp\/v2\/product_tag?post=4065"}],"curies":[{"name":"wp","href":"https:\/\/api.w.org\/{rel}","templated":true}]}}