{"id":4056,"date":"2015-09-27T13:52:16","date_gmt":"2015-09-27T10:52:16","guid":{"rendered":"http:\/\/89.36.140.88\/~mnir\/shop\/?post_type=product&#038;p=4056"},"modified":"2016-01-07T13:34:39","modified_gmt":"2016-01-07T11:34:39","slug":"locuri-de-descoperit-muzeele-in-slujba-predarii-stiintei-si-tehnologiei","status":"publish","type":"product","link":"https:\/\/mnir.ro\/shop\/index.php\/produs\/locuri-de-descoperit-muzeele-in-slujba-predarii-stiintei-si-tehnologiei\/","title":{"rendered":"Locuri de descoperit: Muzeele \u00een slujba pred\u0103rii \u015ftiin\u021bei \u015fi tehnologiei"},"content":{"rendered":"<p>Locuri de descoperit: Muzeele \u00een slujba pred\u0103rii \u015ftiin\u021bei \u015fi tehnologiei &#8211; Maria Xanthoudaki<br \/>\nNr. de pagini: 76<br \/>\nAn: 2002<\/p>\n","protected":false},"excerpt":{"rendered":"<p>Locuri de descoperit: Muzeele \u00een slujba pred\u0103rii \u015ftiin\u021bei \u015fi tehnologiei &#8211; Maria Xanthoudaki Nr. de pagini: 76 An: 2002<\/p>\n","protected":false},"featured_media":4249,"template":"","meta":[],"product_brand":[],"product_cat":[155],"product_tag":[],"class_list":{"0":"post-4056","1":"product","2":"type-product","3":"status-publish","4":"has-post-thumbnail","6":"product_cat-fara-categorie","8":"first","9":"instock","10":"shipping-taxable","11":"purchasable","12":"product-type-simple"},"_links":{"self":[{"href":"https:\/\/mnir.ro\/shop\/index.php\/wp-json\/wp\/v2\/product\/4056","targetHints":{"allow":["GET"]}}],"collection":[{"href":"https:\/\/mnir.ro\/shop\/index.php\/wp-json\/wp\/v2\/product"}],"about":[{"href":"https:\/\/mnir.ro\/shop\/index.php\/wp-json\/wp\/v2\/types\/product"}],"wp:featuredmedia":[{"embeddable":true,"href":"https:\/\/mnir.ro\/shop\/index.php\/wp-json\/wp\/v2\/media\/4249"}],"wp:attachment":[{"href":"https:\/\/mnir.ro\/shop\/index.php\/wp-json\/wp\/v2\/media?parent=4056"}],"wp:term":[{"taxonomy":"product_brand","embeddable":true,"href":"https:\/\/mnir.ro\/shop\/index.php\/wp-json\/wp\/v2\/product_brand?post=4056"},{"taxonomy":"product_cat","embeddable":true,"href":"https:\/\/mnir.ro\/shop\/index.php\/wp-json\/wp\/v2\/product_cat?post=4056"},{"taxonomy":"product_tag","embeddable":true,"href":"https:\/\/mnir.ro\/shop\/index.php\/wp-json\/wp\/v2\/product_tag?post=4056"}],"curies":[{"name":"wp","href":"https:\/\/api.w.org\/{rel}","templated":true}]}}