{"id":4055,"date":"2015-09-27T13:49:54","date_gmt":"2015-09-27T10:49:54","guid":{"rendered":"http:\/\/89.36.140.88\/~mnir\/shop\/?post_type=product&#038;p=4055"},"modified":"2025-04-02T09:42:59","modified_gmt":"2025-04-02T06:42:59","slug":"plastica-antropomorfa-gumelniteana-analiza-primara","status":"publish","type":"product","link":"https:\/\/mnir.ro\/shop\/index.php\/produs\/plastica-antropomorfa-gumelniteana-analiza-primara\/","title":{"rendered":"Plastica antropomorf\u0103 gumelni\u021bean\u0103. Analiz\u0103 primar\u0103"},"content":{"rendered":"<p>Plastica antropomorf\u0103 gumelni\u021bean\u0103. Analiz\u0103 primar\u0103. Seria Monografii III &#8211; Radian-Romus Andreescu<br \/>\nNr. de pagini: 122+plan\u0219e<br \/>\nAn: 2002<\/p>\n","protected":false},"excerpt":{"rendered":"<p>Plastica antropomorf\u0103 gumelni\u021bean\u0103. Analiz\u0103 primar\u0103. Seria Monografii III &#8211; Radian-Romus Andreescu Nr. de pagini: 122+plan\u0219e An: 2002<\/p>\n","protected":false},"featured_media":4227,"template":"","meta":[],"product_brand":[],"product_cat":[155],"product_tag":[],"class_list":{"0":"post-4055","1":"product","2":"type-product","3":"status-publish","4":"has-post-thumbnail","6":"product_cat-fara-categorie","8":"first","9":"instock","10":"shipping-taxable","11":"purchasable","12":"product-type-simple"},"_links":{"self":[{"href":"https:\/\/mnir.ro\/shop\/index.php\/wp-json\/wp\/v2\/product\/4055","targetHints":{"allow":["GET"]}}],"collection":[{"href":"https:\/\/mnir.ro\/shop\/index.php\/wp-json\/wp\/v2\/product"}],"about":[{"href":"https:\/\/mnir.ro\/shop\/index.php\/wp-json\/wp\/v2\/types\/product"}],"wp:featuredmedia":[{"embeddable":true,"href":"https:\/\/mnir.ro\/shop\/index.php\/wp-json\/wp\/v2\/media\/4227"}],"wp:attachment":[{"href":"https:\/\/mnir.ro\/shop\/index.php\/wp-json\/wp\/v2\/media?parent=4055"}],"wp:term":[{"taxonomy":"product_brand","embeddable":true,"href":"https:\/\/mnir.ro\/shop\/index.php\/wp-json\/wp\/v2\/product_brand?post=4055"},{"taxonomy":"product_cat","embeddable":true,"href":"https:\/\/mnir.ro\/shop\/index.php\/wp-json\/wp\/v2\/product_cat?post=4055"},{"taxonomy":"product_tag","embeddable":true,"href":"https:\/\/mnir.ro\/shop\/index.php\/wp-json\/wp\/v2\/product_tag?post=4055"}],"curies":[{"name":"wp","href":"https:\/\/api.w.org\/{rel}","templated":true}]}}